{"id":618,"date":"2020-07-24T08:54:07","date_gmt":"2020-07-24T11:54:07","guid":{"rendered":"https:\/\/carbopel.com.br\/distribuidora-de-papeis\/?post_type=product&#038;p=618"},"modified":"2022-06-26T18:54:40","modified_gmt":"2022-06-26T21:54:40","slug":"papel-reciclato-75g-a4-250fls","status":"publish","type":"product","link":"https:\/\/carbopel.com.br\/distribuidora-de-papeis\/produto\/papel-reciclato-75g-a4-250fls\/","title":{"rendered":"Papel Reciclato 75g A4 &#8211; 250fls"},"content":{"rendered":"<p>O\u00a0papel offset <strong>reciclado<\/strong> \u00e9 de cor parda e tem um aspecto diferente dos demais tipos de pap\u00e9is, o que garante maior resist\u00eancia. \u00a0\u00c9 muito usado em escolas, faculdades e locais que precisam de v\u00e1rias c\u00f3pias de documentos.\u00a0\u00c9 produzido\u00a0a partir\u00a0de material promocional descartado e 100% sustent\u00e1vel.<\/p>\n","protected":false},"excerpt":{"rendered":"<p>Formato: A4 \u2013 21cm x 29,7 cm<br \/>\nGramatura: 75g\/m\u00b2<br \/>\nQuantidade por pacote: 250 unidades.<\/p>\n<p>Para impress\u00e3o de:<br \/>\nOff Set, Tipografia, Serigrafia, Relevo Seco, Hot Stamping , jato de tinta.<\/p>\n","protected":false},"featured_media":809,"comment_status":"open","ping_status":"closed","template":"","meta":[],"product_brand":[],"product_cat":[28,158,164],"product_tag":[],"class_list":{"0":"post-618","1":"product","2":"type-product","3":"status-publish","4":"has-post-thumbnail","6":"product_cat-papel-reciclato","7":"product_cat-papel-reciclato-75g","8":"product_cat-formato-a4-papel-reciclato","10":"first","11":"outofstock","12":"sale","13":"taxable","14":"shipping-taxable","15":"purchasable","16":"product-type-simple"},"yoast_head":"<!-- This site is optimized with the Yoast SEO plugin v24.5 - https:\/\/yoast.com\/wordpress\/plugins\/seo\/ -->\n<title>Papel Reciclato 75g A4 - 250fls &#8226; Carbopel<\/title>\n<meta name=\"description\" content=\"Compre Papel Reciclato 75g A4 - 250fls com o melhor pre\u00e7o e atendimento na Carbopel. Entrega em todo Brasil.\" \/>\n<meta name=\"robots\" content=\"index, follow, max-snippet:-1, max-image-preview:large, max-video-preview:-1\" \/>\n<link rel=\"canonical\" href=\"https:\/\/carbopel.com.br\/distribuidora-de-papeis\/produto\/papel-reciclato-75g-a4-250fls\/\" \/>\n<meta property=\"og:locale\" content=\"pt_BR\" \/>\n<meta property=\"og:type\" content=\"article\" \/>\n<meta property=\"og:title\" content=\"Papel Reciclato 75g A4 - 250fls &#8226; Carbopel\" \/>\n<meta property=\"og:description\" content=\"Compre Papel Reciclato 75g A4 - 250fls com o melhor pre\u00e7o e atendimento na Carbopel. Entrega em todo Brasil.\" \/>\n<meta property=\"og:url\" content=\"https:\/\/carbopel.com.br\/distribuidora-de-papeis\/produto\/papel-reciclato-75g-a4-250fls\/\" \/>\n<meta property=\"og:site_name\" content=\"Carbopel\" \/>\n<meta property=\"article:publisher\" content=\"https:\/\/www.facebook.com\/Carbopel-Papis-109545114125743\/\" \/>\n<meta property=\"article:modified_time\" content=\"2022-06-26T21:54:40+00:00\" \/>\n<meta property=\"og:image\" content=\"https:\/\/carbopel.com.br\/distribuidora-de-papeis\/wp-content\/uploads\/2020\/07\/reciclato.jpg\" \/>\n\t<meta property=\"og:image:width\" content=\"1024\" \/>\n\t<meta property=\"og:image:height\" content=\"1024\" \/>\n\t<meta property=\"og:image:type\" content=\"image\/jpeg\" \/>\n<meta name=\"twitter:card\" content=\"summary_large_image\" \/>\n<script type=\"application\/ld+json\" class=\"yoast-schema-graph\">{\"@context\":\"https:\/\/schema.org\",\"@graph\":[{\"@type\":\"WebPage\",\"@id\":\"https:\/\/carbopel.com.br\/distribuidora-de-papeis\/produto\/papel-reciclato-75g-a4-250fls\/\",\"url\":\"https:\/\/carbopel.com.br\/distribuidora-de-papeis\/produto\/papel-reciclato-75g-a4-250fls\/\",\"name\":\"Papel Reciclato 75g A4 - 250fls &#8226; Carbopel\",\"isPartOf\":{\"@id\":\"https:\/\/carbopel.com.br\/distribuidora-de-papeis\/#website\"},\"primaryImageOfPage\":{\"@id\":\"https:\/\/carbopel.com.br\/distribuidora-de-papeis\/produto\/papel-reciclato-75g-a4-250fls\/#primaryimage\"},\"image\":{\"@id\":\"https:\/\/carbopel.com.br\/distribuidora-de-papeis\/produto\/papel-reciclato-75g-a4-250fls\/#primaryimage\"},\"thumbnailUrl\":\"https:\/\/carbopel.com.br\/distribuidora-de-papeis\/wp-content\/uploads\/2020\/07\/reciclato.jpg\",\"datePublished\":\"2020-07-24T11:54:07+00:00\",\"dateModified\":\"2022-06-26T21:54:40+00:00\",\"description\":\"Compre Papel Reciclato 75g A4 - 250fls com o melhor pre\u00e7o e atendimento na Carbopel. Entrega em todo Brasil.\",\"breadcrumb\":{\"@id\":\"https:\/\/carbopel.com.br\/distribuidora-de-papeis\/produto\/papel-reciclato-75g-a4-250fls\/#breadcrumb\"},\"inLanguage\":\"pt-BR\",\"potentialAction\":[{\"@type\":\"ReadAction\",\"target\":[\"https:\/\/carbopel.com.br\/distribuidora-de-papeis\/produto\/papel-reciclato-75g-a4-250fls\/\"]}]},{\"@type\":\"ImageObject\",\"inLanguage\":\"pt-BR\",\"@id\":\"https:\/\/carbopel.com.br\/distribuidora-de-papeis\/produto\/papel-reciclato-75g-a4-250fls\/#primaryimage\",\"url\":\"https:\/\/carbopel.com.br\/distribuidora-de-papeis\/wp-content\/uploads\/2020\/07\/reciclato.jpg\",\"contentUrl\":\"https:\/\/carbopel.com.br\/distribuidora-de-papeis\/wp-content\/uploads\/2020\/07\/reciclato.jpg\",\"width\":1024,\"height\":1024,\"caption\":\"Papel Reciclato\"},{\"@type\":\"BreadcrumbList\",\"@id\":\"https:\/\/carbopel.com.br\/distribuidora-de-papeis\/produto\/papel-reciclato-75g-a4-250fls\/#breadcrumb\",\"itemListElement\":[{\"@type\":\"ListItem\",\"position\":1,\"name\":\"In\u00edcio\",\"item\":\"https:\/\/carbopel.com.br\/distribuidora-de-papeis\/\"},{\"@type\":\"ListItem\",\"position\":2,\"name\":\"Loja virtual\",\"item\":\"https:\/\/carbopel.com.br\/distribuidora-de-papeis\/loja\/\"},{\"@type\":\"ListItem\",\"position\":3,\"name\":\"Papel Reciclato 75g A4 &#8211; 250fls\"}]},{\"@type\":\"WebSite\",\"@id\":\"https:\/\/carbopel.com.br\/distribuidora-de-papeis\/#website\",\"url\":\"https:\/\/carbopel.com.br\/distribuidora-de-papeis\/\",\"name\":\"Carbopel\",\"description\":\"Distribuidora e Fornecedora de Papel\",\"publisher\":{\"@id\":\"https:\/\/carbopel.com.br\/distribuidora-de-papeis\/#organization\"},\"potentialAction\":[{\"@type\":\"SearchAction\",\"target\":{\"@type\":\"EntryPoint\",\"urlTemplate\":\"https:\/\/carbopel.com.br\/distribuidora-de-papeis\/?s={search_term_string}\"},\"query-input\":{\"@type\":\"PropertyValueSpecification\",\"valueRequired\":true,\"valueName\":\"search_term_string\"}}],\"inLanguage\":\"pt-BR\"},{\"@type\":\"Organization\",\"@id\":\"https:\/\/carbopel.com.br\/distribuidora-de-papeis\/#organization\",\"name\":\"Carbopel - Distribuidora e Fornecedora de Papel\",\"url\":\"https:\/\/carbopel.com.br\/distribuidora-de-papeis\/\",\"logo\":{\"@type\":\"ImageObject\",\"inLanguage\":\"pt-BR\",\"@id\":\"https:\/\/carbopel.com.br\/distribuidora-de-papeis\/#\/schema\/logo\/image\/\",\"url\":\"https:\/\/carbopel.com.br\/distribuidora-de-papeis\/wp-content\/uploads\/2022\/06\/Carbopel-artes-9.png\",\"contentUrl\":\"https:\/\/carbopel.com.br\/distribuidora-de-papeis\/wp-content\/uploads\/2022\/06\/Carbopel-artes-9.png\",\"width\":1200,\"height\":1200,\"caption\":\"Carbopel - Distribuidora e Fornecedora de Papel\"},\"image\":{\"@id\":\"https:\/\/carbopel.com.br\/distribuidora-de-papeis\/#\/schema\/logo\/image\/\"},\"sameAs\":[\"https:\/\/www.facebook.com\/Carbopel-Papis-109545114125743\/\",\"https:\/\/www.instagram.com\/carbopel\/\"]}]}<\/script>\n<!-- \/ Yoast SEO plugin. -->","yoast_head_json":{"title":"Papel Reciclato 75g A4 - 250fls &#8226; Carbopel","description":"Compre Papel Reciclato 75g A4 - 250fls com o melhor pre\u00e7o e atendimento na Carbopel. Entrega em todo Brasil.","robots":{"index":"index","follow":"follow","max-snippet":"max-snippet:-1","max-image-preview":"max-image-preview:large","max-video-preview":"max-video-preview:-1"},"canonical":"https:\/\/carbopel.com.br\/distribuidora-de-papeis\/produto\/papel-reciclato-75g-a4-250fls\/","og_locale":"pt_BR","og_type":"article","og_title":"Papel Reciclato 75g A4 - 250fls &#8226; Carbopel","og_description":"Compre Papel Reciclato 75g A4 - 250fls com o melhor pre\u00e7o e atendimento na Carbopel. Entrega em todo Brasil.","og_url":"https:\/\/carbopel.com.br\/distribuidora-de-papeis\/produto\/papel-reciclato-75g-a4-250fls\/","og_site_name":"Carbopel","article_publisher":"https:\/\/www.facebook.com\/Carbopel-Papis-109545114125743\/","article_modified_time":"2022-06-26T21:54:40+00:00","og_image":[{"width":1024,"height":1024,"url":"https:\/\/carbopel.com.br\/distribuidora-de-papeis\/wp-content\/uploads\/2020\/07\/reciclato.jpg","type":"image\/jpeg"}],"twitter_card":"summary_large_image","schema":{"@context":"https:\/\/schema.org","@graph":[{"@type":"WebPage","@id":"https:\/\/carbopel.com.br\/distribuidora-de-papeis\/produto\/papel-reciclato-75g-a4-250fls\/","url":"https:\/\/carbopel.com.br\/distribuidora-de-papeis\/produto\/papel-reciclato-75g-a4-250fls\/","name":"Papel Reciclato 75g A4 - 250fls &#8226; Carbopel","isPartOf":{"@id":"https:\/\/carbopel.com.br\/distribuidora-de-papeis\/#website"},"primaryImageOfPage":{"@id":"https:\/\/carbopel.com.br\/distribuidora-de-papeis\/produto\/papel-reciclato-75g-a4-250fls\/#primaryimage"},"image":{"@id":"https:\/\/carbopel.com.br\/distribuidora-de-papeis\/produto\/papel-reciclato-75g-a4-250fls\/#primaryimage"},"thumbnailUrl":"https:\/\/carbopel.com.br\/distribuidora-de-papeis\/wp-content\/uploads\/2020\/07\/reciclato.jpg","datePublished":"2020-07-24T11:54:07+00:00","dateModified":"2022-06-26T21:54:40+00:00","description":"Compre Papel Reciclato 75g A4 - 250fls com o melhor pre\u00e7o e atendimento na Carbopel. Entrega em todo Brasil.","breadcrumb":{"@id":"https:\/\/carbopel.com.br\/distribuidora-de-papeis\/produto\/papel-reciclato-75g-a4-250fls\/#breadcrumb"},"inLanguage":"pt-BR","potentialAction":[{"@type":"ReadAction","target":["https:\/\/carbopel.com.br\/distribuidora-de-papeis\/produto\/papel-reciclato-75g-a4-250fls\/"]}]},{"@type":"ImageObject","inLanguage":"pt-BR","@id":"https:\/\/carbopel.com.br\/distribuidora-de-papeis\/produto\/papel-reciclato-75g-a4-250fls\/#primaryimage","url":"https:\/\/carbopel.com.br\/distribuidora-de-papeis\/wp-content\/uploads\/2020\/07\/reciclato.jpg","contentUrl":"https:\/\/carbopel.com.br\/distribuidora-de-papeis\/wp-content\/uploads\/2020\/07\/reciclato.jpg","width":1024,"height":1024,"caption":"Papel Reciclato"},{"@type":"BreadcrumbList","@id":"https:\/\/carbopel.com.br\/distribuidora-de-papeis\/produto\/papel-reciclato-75g-a4-250fls\/#breadcrumb","itemListElement":[{"@type":"ListItem","position":1,"name":"In\u00edcio","item":"https:\/\/carbopel.com.br\/distribuidora-de-papeis\/"},{"@type":"ListItem","position":2,"name":"Loja virtual","item":"https:\/\/carbopel.com.br\/distribuidora-de-papeis\/loja\/"},{"@type":"ListItem","position":3,"name":"Papel Reciclato 75g A4 &#8211; 250fls"}]},{"@type":"WebSite","@id":"https:\/\/carbopel.com.br\/distribuidora-de-papeis\/#website","url":"https:\/\/carbopel.com.br\/distribuidora-de-papeis\/","name":"Carbopel","description":"Distribuidora e Fornecedora de Papel","publisher":{"@id":"https:\/\/carbopel.com.br\/distribuidora-de-papeis\/#organization"},"potentialAction":[{"@type":"SearchAction","target":{"@type":"EntryPoint","urlTemplate":"https:\/\/carbopel.com.br\/distribuidora-de-papeis\/?s={search_term_string}"},"query-input":{"@type":"PropertyValueSpecification","valueRequired":true,"valueName":"search_term_string"}}],"inLanguage":"pt-BR"},{"@type":"Organization","@id":"https:\/\/carbopel.com.br\/distribuidora-de-papeis\/#organization","name":"Carbopel - Distribuidora e Fornecedora de Papel","url":"https:\/\/carbopel.com.br\/distribuidora-de-papeis\/","logo":{"@type":"ImageObject","inLanguage":"pt-BR","@id":"https:\/\/carbopel.com.br\/distribuidora-de-papeis\/#\/schema\/logo\/image\/","url":"https:\/\/carbopel.com.br\/distribuidora-de-papeis\/wp-content\/uploads\/2022\/06\/Carbopel-artes-9.png","contentUrl":"https:\/\/carbopel.com.br\/distribuidora-de-papeis\/wp-content\/uploads\/2022\/06\/Carbopel-artes-9.png","width":1200,"height":1200,"caption":"Carbopel - Distribuidora e Fornecedora de Papel"},"image":{"@id":"https:\/\/carbopel.com.br\/distribuidora-de-papeis\/#\/schema\/logo\/image\/"},"sameAs":["https:\/\/www.facebook.com\/Carbopel-Papis-109545114125743\/","https:\/\/www.instagram.com\/carbopel\/"]}]}},"_links":{"self":[{"href":"https:\/\/carbopel.com.br\/distribuidora-de-papeis\/wp-json\/wp\/v2\/product\/618","targetHints":{"allow":["GET"]}}],"collection":[{"href":"https:\/\/carbopel.com.br\/distribuidora-de-papeis\/wp-json\/wp\/v2\/product"}],"about":[{"href":"https:\/\/carbopel.com.br\/distribuidora-de-papeis\/wp-json\/wp\/v2\/types\/product"}],"replies":[{"embeddable":true,"href":"https:\/\/carbopel.com.br\/distribuidora-de-papeis\/wp-json\/wp\/v2\/comments?post=618"}],"wp:featuredmedia":[{"embeddable":true,"href":"https:\/\/carbopel.com.br\/distribuidora-de-papeis\/wp-json\/wp\/v2\/media\/809"}],"wp:attachment":[{"href":"https:\/\/carbopel.com.br\/distribuidora-de-papeis\/wp-json\/wp\/v2\/media?parent=618"}],"wp:term":[{"taxonomy":"product_brand","embeddable":true,"href":"https:\/\/carbopel.com.br\/distribuidora-de-papeis\/wp-json\/wp\/v2\/product_brand?post=618"},{"taxonomy":"product_cat","embeddable":true,"href":"https:\/\/carbopel.com.br\/distribuidora-de-papeis\/wp-json\/wp\/v2\/product_cat?post=618"},{"taxonomy":"product_tag","embeddable":true,"href":"https:\/\/carbopel.com.br\/distribuidora-de-papeis\/wp-json\/wp\/v2\/product_tag?post=618"}],"curies":[{"name":"wp","href":"https:\/\/api.w.org\/{rel}","templated":true}]}}