{"id":491,"date":"2020-07-02T09:57:02","date_gmt":"2020-07-02T12:57:02","guid":{"rendered":"https:\/\/carbopel.com.br\/distribuidora-de-papeis\/?post_type=product&#038;p=491"},"modified":"2022-11-11T10:53:11","modified_gmt":"2022-11-11T13:53:11","slug":"papel-couche-adesivo-brilho-190g-a3-100-folhas","status":"publish","type":"product","link":"https:\/\/carbopel.com.br\/distribuidora-de-papeis\/produto\/papel-couche-adesivo-brilho-190g-a3-100-folhas\/","title":{"rendered":"Papel Couch\u00ea Adesivo Brilho 185g &#8211; 100 Folhas"},"content":{"rendered":"<p>Gramatura: 190g\/m\u00b2<br \/>\nQuantidade por pacote: 100 unidades<\/p>\n<p><span style=\"color: #ff0000\">Tipos de impress\u00e3o:<\/span><br \/>\nAceita todos os tipos de impress\u00e3o como: Offset, Laser, Relevo seco, Relevo Americano, Hot Stamping e Serigrafia.<\/p>\n<p><span style=\"color: #ff0000\">Utiliza\u00e7\u00e3o:<\/span><br \/>\nIdeal para impress\u00e3o de r\u00f3tulos, etiquetas de identifica\u00e7\u00e3o, para decora\u00e7\u00e3o de embalagens e lembrancinhas<\/p>\n<p><span style=\"color: #ff0000\">Recomenda\u00e7\u00f5es:<\/span><\/p>\n<p>ESTE N\u00c3O \u00c9 UM PAPEL FOTOGR\u00c1FICO<\/p>\n<p>N\u00e3o \u00e9 recomendado para Impressoras Ink Jet (jato de tinta).<\/p>\n","protected":false},"excerpt":{"rendered":"<p>Papel liso, auto-adesivo, possui excelente qualidade de impress\u00e3o, papel n\u00e3o resistente \u00e0 \u00e1gua.<\/p>\n","protected":false},"featured_media":451,"comment_status":"open","ping_status":"closed","template":"","meta":[],"product_brand":[],"product_cat":[24,145],"product_tag":[51],"class_list":{"0":"post-491","1":"product","2":"type-product","3":"status-publish","4":"has-post-thumbnail","6":"product_cat-papel-adesivo","7":"product_cat-papel-couche-adesivo-brilho-190g","8":"product_tag-papel-adesivo-a4","10":"first","11":"instock","12":"taxable","13":"shipping-taxable","14":"purchasable","15":"product-type-variable"},"yoast_head":"<!-- This site is optimized with the Yoast SEO plugin v24.5 - https:\/\/yoast.com\/wordpress\/plugins\/seo\/ -->\n<title>Papel Couch\u00ea Adesivo Brilho 185g - 100 Folhas &#8226; Carbopel<\/title>\n<meta name=\"description\" content=\"Compre Papel Couch\u00ea Adesivo Brilho 185g - 100 Folhas com o melhor pre\u00e7o e atendimento na Carbopel. Entrega em todo Brasil.\" \/>\n<meta name=\"robots\" content=\"index, follow, max-snippet:-1, max-image-preview:large, max-video-preview:-1\" \/>\n<link rel=\"canonical\" href=\"https:\/\/carbopel.com.br\/distribuidora-de-papeis\/produto\/papel-couche-adesivo-brilho-190g-a3-100-folhas\/\" \/>\n<meta property=\"og:locale\" content=\"pt_BR\" \/>\n<meta property=\"og:type\" content=\"article\" \/>\n<meta property=\"og:title\" content=\"Papel Couch\u00ea Adesivo Brilho 185g - 100 Folhas &#8226; Carbopel\" \/>\n<meta property=\"og:description\" content=\"Compre Papel Couch\u00ea Adesivo Brilho 185g - 100 Folhas com o melhor pre\u00e7o e atendimento na Carbopel. Entrega em todo Brasil.\" \/>\n<meta property=\"og:url\" content=\"https:\/\/carbopel.com.br\/distribuidora-de-papeis\/produto\/papel-couche-adesivo-brilho-190g-a3-100-folhas\/\" \/>\n<meta property=\"og:site_name\" content=\"Carbopel\" \/>\n<meta property=\"article:publisher\" content=\"https:\/\/www.facebook.com\/Carbopel-Papis-109545114125743\/\" \/>\n<meta property=\"article:modified_time\" content=\"2022-11-11T13:53:11+00:00\" \/>\n<meta property=\"og:image\" content=\"http:\/\/carbopel.com.br\/distribuidora-de-papeis\/wp-content\/uploads\/2020\/07\/PAPEL-ADESIVO-A4.jpg\" \/>\n\t<meta property=\"og:image:width\" content=\"720\" \/>\n\t<meta property=\"og:image:height\" content=\"720\" \/>\n\t<meta property=\"og:image:type\" content=\"image\/jpeg\" \/>\n<meta name=\"twitter:card\" content=\"summary_large_image\" \/>\n<script type=\"application\/ld+json\" class=\"yoast-schema-graph\">{\"@context\":\"https:\/\/schema.org\",\"@graph\":[{\"@type\":\"WebPage\",\"@id\":\"https:\/\/carbopel.com.br\/distribuidora-de-papeis\/produto\/papel-couche-adesivo-brilho-190g-a3-100-folhas\/\",\"url\":\"https:\/\/carbopel.com.br\/distribuidora-de-papeis\/produto\/papel-couche-adesivo-brilho-190g-a3-100-folhas\/\",\"name\":\"Papel Couch\u00ea Adesivo Brilho 185g - 100 Folhas &#8226; Carbopel\",\"isPartOf\":{\"@id\":\"https:\/\/carbopel.com.br\/distribuidora-de-papeis\/#website\"},\"primaryImageOfPage\":{\"@id\":\"https:\/\/carbopel.com.br\/distribuidora-de-papeis\/produto\/papel-couche-adesivo-brilho-190g-a3-100-folhas\/#primaryimage\"},\"image\":{\"@id\":\"https:\/\/carbopel.com.br\/distribuidora-de-papeis\/produto\/papel-couche-adesivo-brilho-190g-a3-100-folhas\/#primaryimage\"},\"thumbnailUrl\":\"https:\/\/carbopel.com.br\/distribuidora-de-papeis\/wp-content\/uploads\/2020\/07\/PAPEL-ADESIVO-A4.jpg\",\"datePublished\":\"2020-07-02T12:57:02+00:00\",\"dateModified\":\"2022-11-11T13:53:11+00:00\",\"description\":\"Compre Papel Couch\u00ea Adesivo Brilho 185g - 100 Folhas com o melhor pre\u00e7o e atendimento na Carbopel. Entrega em todo Brasil.\",\"breadcrumb\":{\"@id\":\"https:\/\/carbopel.com.br\/distribuidora-de-papeis\/produto\/papel-couche-adesivo-brilho-190g-a3-100-folhas\/#breadcrumb\"},\"inLanguage\":\"pt-BR\",\"potentialAction\":[{\"@type\":\"ReadAction\",\"target\":[\"https:\/\/carbopel.com.br\/distribuidora-de-papeis\/produto\/papel-couche-adesivo-brilho-190g-a3-100-folhas\/\"]}]},{\"@type\":\"ImageObject\",\"inLanguage\":\"pt-BR\",\"@id\":\"https:\/\/carbopel.com.br\/distribuidora-de-papeis\/produto\/papel-couche-adesivo-brilho-190g-a3-100-folhas\/#primaryimage\",\"url\":\"https:\/\/carbopel.com.br\/distribuidora-de-papeis\/wp-content\/uploads\/2020\/07\/PAPEL-ADESIVO-A4.jpg\",\"contentUrl\":\"https:\/\/carbopel.com.br\/distribuidora-de-papeis\/wp-content\/uploads\/2020\/07\/PAPEL-ADESIVO-A4.jpg\",\"width\":720,\"height\":720,\"caption\":\"Papel Couch\u00ea Adesivo Brilho 190g A4\"},{\"@type\":\"BreadcrumbList\",\"@id\":\"https:\/\/carbopel.com.br\/distribuidora-de-papeis\/produto\/papel-couche-adesivo-brilho-190g-a3-100-folhas\/#breadcrumb\",\"itemListElement\":[{\"@type\":\"ListItem\",\"position\":1,\"name\":\"In\u00edcio\",\"item\":\"https:\/\/carbopel.com.br\/distribuidora-de-papeis\/\"},{\"@type\":\"ListItem\",\"position\":2,\"name\":\"Loja virtual\",\"item\":\"https:\/\/carbopel.com.br\/distribuidora-de-papeis\/loja\/\"},{\"@type\":\"ListItem\",\"position\":3,\"name\":\"Papel Couch\u00ea Adesivo Brilho 185g &#8211; 100 Folhas\"}]},{\"@type\":\"WebSite\",\"@id\":\"https:\/\/carbopel.com.br\/distribuidora-de-papeis\/#website\",\"url\":\"https:\/\/carbopel.com.br\/distribuidora-de-papeis\/\",\"name\":\"Carbopel\",\"description\":\"Distribuidora e Fornecedora de Papel\",\"publisher\":{\"@id\":\"https:\/\/carbopel.com.br\/distribuidora-de-papeis\/#organization\"},\"potentialAction\":[{\"@type\":\"SearchAction\",\"target\":{\"@type\":\"EntryPoint\",\"urlTemplate\":\"https:\/\/carbopel.com.br\/distribuidora-de-papeis\/?s={search_term_string}\"},\"query-input\":{\"@type\":\"PropertyValueSpecification\",\"valueRequired\":true,\"valueName\":\"search_term_string\"}}],\"inLanguage\":\"pt-BR\"},{\"@type\":\"Organization\",\"@id\":\"https:\/\/carbopel.com.br\/distribuidora-de-papeis\/#organization\",\"name\":\"Carbopel - Distribuidora e Fornecedora de Papel\",\"url\":\"https:\/\/carbopel.com.br\/distribuidora-de-papeis\/\",\"logo\":{\"@type\":\"ImageObject\",\"inLanguage\":\"pt-BR\",\"@id\":\"https:\/\/carbopel.com.br\/distribuidora-de-papeis\/#\/schema\/logo\/image\/\",\"url\":\"https:\/\/carbopel.com.br\/distribuidora-de-papeis\/wp-content\/uploads\/2022\/06\/Carbopel-artes-9.png\",\"contentUrl\":\"https:\/\/carbopel.com.br\/distribuidora-de-papeis\/wp-content\/uploads\/2022\/06\/Carbopel-artes-9.png\",\"width\":1200,\"height\":1200,\"caption\":\"Carbopel - Distribuidora e Fornecedora de Papel\"},\"image\":{\"@id\":\"https:\/\/carbopel.com.br\/distribuidora-de-papeis\/#\/schema\/logo\/image\/\"},\"sameAs\":[\"https:\/\/www.facebook.com\/Carbopel-Papis-109545114125743\/\",\"https:\/\/www.instagram.com\/carbopel\/\"]}]}<\/script>\n<!-- \/ Yoast SEO plugin. -->","yoast_head_json":{"title":"Papel Couch\u00ea Adesivo Brilho 185g - 100 Folhas &#8226; Carbopel","description":"Compre Papel Couch\u00ea Adesivo Brilho 185g - 100 Folhas com o melhor pre\u00e7o e atendimento na Carbopel. Entrega em todo Brasil.","robots":{"index":"index","follow":"follow","max-snippet":"max-snippet:-1","max-image-preview":"max-image-preview:large","max-video-preview":"max-video-preview:-1"},"canonical":"https:\/\/carbopel.com.br\/distribuidora-de-papeis\/produto\/papel-couche-adesivo-brilho-190g-a3-100-folhas\/","og_locale":"pt_BR","og_type":"article","og_title":"Papel Couch\u00ea Adesivo Brilho 185g - 100 Folhas &#8226; Carbopel","og_description":"Compre Papel Couch\u00ea Adesivo Brilho 185g - 100 Folhas com o melhor pre\u00e7o e atendimento na Carbopel. Entrega em todo Brasil.","og_url":"https:\/\/carbopel.com.br\/distribuidora-de-papeis\/produto\/papel-couche-adesivo-brilho-190g-a3-100-folhas\/","og_site_name":"Carbopel","article_publisher":"https:\/\/www.facebook.com\/Carbopel-Papis-109545114125743\/","article_modified_time":"2022-11-11T13:53:11+00:00","og_image":[{"width":720,"height":720,"url":"http:\/\/carbopel.com.br\/distribuidora-de-papeis\/wp-content\/uploads\/2020\/07\/PAPEL-ADESIVO-A4.jpg","type":"image\/jpeg"}],"twitter_card":"summary_large_image","schema":{"@context":"https:\/\/schema.org","@graph":[{"@type":"WebPage","@id":"https:\/\/carbopel.com.br\/distribuidora-de-papeis\/produto\/papel-couche-adesivo-brilho-190g-a3-100-folhas\/","url":"https:\/\/carbopel.com.br\/distribuidora-de-papeis\/produto\/papel-couche-adesivo-brilho-190g-a3-100-folhas\/","name":"Papel Couch\u00ea Adesivo Brilho 185g - 100 Folhas &#8226; Carbopel","isPartOf":{"@id":"https:\/\/carbopel.com.br\/distribuidora-de-papeis\/#website"},"primaryImageOfPage":{"@id":"https:\/\/carbopel.com.br\/distribuidora-de-papeis\/produto\/papel-couche-adesivo-brilho-190g-a3-100-folhas\/#primaryimage"},"image":{"@id":"https:\/\/carbopel.com.br\/distribuidora-de-papeis\/produto\/papel-couche-adesivo-brilho-190g-a3-100-folhas\/#primaryimage"},"thumbnailUrl":"https:\/\/carbopel.com.br\/distribuidora-de-papeis\/wp-content\/uploads\/2020\/07\/PAPEL-ADESIVO-A4.jpg","datePublished":"2020-07-02T12:57:02+00:00","dateModified":"2022-11-11T13:53:11+00:00","description":"Compre Papel Couch\u00ea Adesivo Brilho 185g - 100 Folhas com o melhor pre\u00e7o e atendimento na Carbopel. Entrega em todo Brasil.","breadcrumb":{"@id":"https:\/\/carbopel.com.br\/distribuidora-de-papeis\/produto\/papel-couche-adesivo-brilho-190g-a3-100-folhas\/#breadcrumb"},"inLanguage":"pt-BR","potentialAction":[{"@type":"ReadAction","target":["https:\/\/carbopel.com.br\/distribuidora-de-papeis\/produto\/papel-couche-adesivo-brilho-190g-a3-100-folhas\/"]}]},{"@type":"ImageObject","inLanguage":"pt-BR","@id":"https:\/\/carbopel.com.br\/distribuidora-de-papeis\/produto\/papel-couche-adesivo-brilho-190g-a3-100-folhas\/#primaryimage","url":"https:\/\/carbopel.com.br\/distribuidora-de-papeis\/wp-content\/uploads\/2020\/07\/PAPEL-ADESIVO-A4.jpg","contentUrl":"https:\/\/carbopel.com.br\/distribuidora-de-papeis\/wp-content\/uploads\/2020\/07\/PAPEL-ADESIVO-A4.jpg","width":720,"height":720,"caption":"Papel Couch\u00ea Adesivo Brilho 190g A4"},{"@type":"BreadcrumbList","@id":"https:\/\/carbopel.com.br\/distribuidora-de-papeis\/produto\/papel-couche-adesivo-brilho-190g-a3-100-folhas\/#breadcrumb","itemListElement":[{"@type":"ListItem","position":1,"name":"In\u00edcio","item":"https:\/\/carbopel.com.br\/distribuidora-de-papeis\/"},{"@type":"ListItem","position":2,"name":"Loja virtual","item":"https:\/\/carbopel.com.br\/distribuidora-de-papeis\/loja\/"},{"@type":"ListItem","position":3,"name":"Papel Couch\u00ea Adesivo Brilho 185g &#8211; 100 Folhas"}]},{"@type":"WebSite","@id":"https:\/\/carbopel.com.br\/distribuidora-de-papeis\/#website","url":"https:\/\/carbopel.com.br\/distribuidora-de-papeis\/","name":"Carbopel","description":"Distribuidora e Fornecedora de Papel","publisher":{"@id":"https:\/\/carbopel.com.br\/distribuidora-de-papeis\/#organization"},"potentialAction":[{"@type":"SearchAction","target":{"@type":"EntryPoint","urlTemplate":"https:\/\/carbopel.com.br\/distribuidora-de-papeis\/?s={search_term_string}"},"query-input":{"@type":"PropertyValueSpecification","valueRequired":true,"valueName":"search_term_string"}}],"inLanguage":"pt-BR"},{"@type":"Organization","@id":"https:\/\/carbopel.com.br\/distribuidora-de-papeis\/#organization","name":"Carbopel - Distribuidora e Fornecedora de Papel","url":"https:\/\/carbopel.com.br\/distribuidora-de-papeis\/","logo":{"@type":"ImageObject","inLanguage":"pt-BR","@id":"https:\/\/carbopel.com.br\/distribuidora-de-papeis\/#\/schema\/logo\/image\/","url":"https:\/\/carbopel.com.br\/distribuidora-de-papeis\/wp-content\/uploads\/2022\/06\/Carbopel-artes-9.png","contentUrl":"https:\/\/carbopel.com.br\/distribuidora-de-papeis\/wp-content\/uploads\/2022\/06\/Carbopel-artes-9.png","width":1200,"height":1200,"caption":"Carbopel - Distribuidora e Fornecedora de Papel"},"image":{"@id":"https:\/\/carbopel.com.br\/distribuidora-de-papeis\/#\/schema\/logo\/image\/"},"sameAs":["https:\/\/www.facebook.com\/Carbopel-Papis-109545114125743\/","https:\/\/www.instagram.com\/carbopel\/"]}]}},"_links":{"self":[{"href":"https:\/\/carbopel.com.br\/distribuidora-de-papeis\/wp-json\/wp\/v2\/product\/491","targetHints":{"allow":["GET"]}}],"collection":[{"href":"https:\/\/carbopel.com.br\/distribuidora-de-papeis\/wp-json\/wp\/v2\/product"}],"about":[{"href":"https:\/\/carbopel.com.br\/distribuidora-de-papeis\/wp-json\/wp\/v2\/types\/product"}],"replies":[{"embeddable":true,"href":"https:\/\/carbopel.com.br\/distribuidora-de-papeis\/wp-json\/wp\/v2\/comments?post=491"}],"wp:featuredmedia":[{"embeddable":true,"href":"https:\/\/carbopel.com.br\/distribuidora-de-papeis\/wp-json\/wp\/v2\/media\/451"}],"wp:attachment":[{"href":"https:\/\/carbopel.com.br\/distribuidora-de-papeis\/wp-json\/wp\/v2\/media?parent=491"}],"wp:term":[{"taxonomy":"product_brand","embeddable":true,"href":"https:\/\/carbopel.com.br\/distribuidora-de-papeis\/wp-json\/wp\/v2\/product_brand?post=491"},{"taxonomy":"product_cat","embeddable":true,"href":"https:\/\/carbopel.com.br\/distribuidora-de-papeis\/wp-json\/wp\/v2\/product_cat?post=491"},{"taxonomy":"product_tag","embeddable":true,"href":"https:\/\/carbopel.com.br\/distribuidora-de-papeis\/wp-json\/wp\/v2\/product_tag?post=491"}],"curies":[{"name":"wp","href":"https:\/\/api.w.org\/{rel}","templated":true}]}}