{"id":438,"date":"2020-06-30T14:27:25","date_gmt":"2020-06-30T17:27:25","guid":{"rendered":"https:\/\/carbopel.com.br\/distribuidora-de-papeis\/?post_type=product&#038;p=438"},"modified":"2026-03-11T15:04:02","modified_gmt":"2026-03-11T18:04:02","slug":"papel-sulfite-report-reciclato-a4-210-x-297-75g-caixa-c-2500-fls","status":"publish","type":"product","link":"https:\/\/carbopel.com.br\/distribuidora-de-papeis\/produto\/papel-sulfite-report-reciclato-a4-210-x-297-75g-caixa-c-2500-fls\/","title":{"rendered":"Papel Sulfite Report Reciclato A4 (210 X 297) 75g Caixa C\/2500 Fls"},"content":{"rendered":"<p>t<\/p>\n<p><strong>Descri\u00e7\u00e3o<\/strong>:<br \/>\n&#8211; Papel Reciclado da Report \u00e9 ideal para uso corporativo, escolar e dom\u00e9stico. A partir das aparas de papel de pr\u00e9 e p\u00f3s-consumo a Suzano criou o Reciclato que foi o primeiro papel offset reciclado brasileiro. Use-o da mesma maneira que o papel comum, por\u00e9m com a certeza de que est\u00e1 contribuindo com o planeta. Embalagem com 500 folhas .<\/p>\n<p>&#8211;\u00a0Gramatura: 75g\/m2;<br \/>\n&#8211; Quantidade: 05 pacotes com 500 folhas;<br \/>\n&#8211;\u00a0Formato: A4 (210mm x 297mm).<\/p>\n","protected":false},"excerpt":{"rendered":"<p>Papel ideal para os equipamentos do escrit\u00f3rio.<br \/>\nAlto desempenho profissional<br \/>\nQualidade homog\u00eanea de impress\u00e3o e superf\u00edcie de alta resist\u00eancia.<br \/>\nExcelente performance em todos os equipamentos, inclusive em impressoras de alta velocidade.<\/p>\n","protected":false},"featured_media":439,"comment_status":"open","ping_status":"closed","template":"","meta":[],"product_brand":[],"product_cat":[27],"product_tag":[35],"class_list":{"0":"post-438","1":"product","2":"type-product","3":"status-publish","4":"has-post-thumbnail","6":"product_cat-papel-sulfite-a4","7":"product_tag-sulfite-a4-75g","9":"first","10":"onbackorder","11":"taxable","12":"shipping-taxable","13":"purchasable","14":"product-type-simple"},"yoast_head":"<!-- This site is optimized with the Yoast SEO plugin v24.5 - https:\/\/yoast.com\/wordpress\/plugins\/seo\/ -->\n<title>Papel Sulfite Report Reciclato A4 (210 X 297) 75g Caixa C\/2500 Fls &#8226; Carbopel<\/title>\n<meta name=\"description\" content=\"Compre Papel Sulfite Report Reciclato A4 (210 X 297) 75g Caixa C\/2500 Fls com o melhor pre\u00e7o e atendimento na Carbopel. Entrega em todo Brasil.\" \/>\n<meta name=\"robots\" content=\"index, follow, max-snippet:-1, max-image-preview:large, max-video-preview:-1\" \/>\n<link rel=\"canonical\" href=\"https:\/\/carbopel.com.br\/distribuidora-de-papeis\/produto\/papel-sulfite-report-reciclato-a4-210-x-297-75g-caixa-c-2500-fls\/\" \/>\n<meta property=\"og:locale\" content=\"pt_BR\" \/>\n<meta property=\"og:type\" content=\"article\" \/>\n<meta property=\"og:title\" content=\"Papel Sulfite Report Reciclato A4 (210 X 297) 75g Caixa C\/2500 Fls &#8226; Carbopel\" \/>\n<meta property=\"og:description\" content=\"Compre Papel Sulfite Report Reciclato A4 (210 X 297) 75g Caixa C\/2500 Fls com o melhor pre\u00e7o e atendimento na Carbopel. Entrega em todo Brasil.\" \/>\n<meta property=\"og:url\" content=\"https:\/\/carbopel.com.br\/distribuidora-de-papeis\/produto\/papel-sulfite-report-reciclato-a4-210-x-297-75g-caixa-c-2500-fls\/\" \/>\n<meta property=\"og:site_name\" content=\"Carbopel\" \/>\n<meta property=\"article:publisher\" content=\"https:\/\/www.facebook.com\/Carbopel-Papis-109545114125743\/\" \/>\n<meta property=\"article:modified_time\" content=\"2026-03-11T18:04:02+00:00\" \/>\n<meta property=\"og:image\" content=\"http:\/\/carbopel.com.br\/distribuidora-de-papeis\/wp-content\/uploads\/2020\/06\/REPORT-RECICLATO-75G.jpg\" \/>\n\t<meta property=\"og:image:width\" content=\"500\" \/>\n\t<meta property=\"og:image:height\" content=\"500\" \/>\n\t<meta property=\"og:image:type\" content=\"image\/jpeg\" \/>\n<meta name=\"twitter:card\" content=\"summary_large_image\" \/>\n<script type=\"application\/ld+json\" class=\"yoast-schema-graph\">{\"@context\":\"https:\/\/schema.org\",\"@graph\":[{\"@type\":\"WebPage\",\"@id\":\"https:\/\/carbopel.com.br\/distribuidora-de-papeis\/produto\/papel-sulfite-report-reciclato-a4-210-x-297-75g-caixa-c-2500-fls\/\",\"url\":\"https:\/\/carbopel.com.br\/distribuidora-de-papeis\/produto\/papel-sulfite-report-reciclato-a4-210-x-297-75g-caixa-c-2500-fls\/\",\"name\":\"Papel Sulfite Report Reciclato A4 (210 X 297) 75g Caixa C\/2500 Fls &#8226; Carbopel\",\"isPartOf\":{\"@id\":\"https:\/\/carbopel.com.br\/distribuidora-de-papeis\/#website\"},\"primaryImageOfPage\":{\"@id\":\"https:\/\/carbopel.com.br\/distribuidora-de-papeis\/produto\/papel-sulfite-report-reciclato-a4-210-x-297-75g-caixa-c-2500-fls\/#primaryimage\"},\"image\":{\"@id\":\"https:\/\/carbopel.com.br\/distribuidora-de-papeis\/produto\/papel-sulfite-report-reciclato-a4-210-x-297-75g-caixa-c-2500-fls\/#primaryimage\"},\"thumbnailUrl\":\"https:\/\/carbopel.com.br\/distribuidora-de-papeis\/wp-content\/uploads\/2020\/06\/REPORT-RECICLATO-75G.jpg\",\"datePublished\":\"2020-06-30T17:27:25+00:00\",\"dateModified\":\"2026-03-11T18:04:02+00:00\",\"description\":\"Compre Papel Sulfite Report Reciclato A4 (210 X 297) 75g Caixa C\/2500 Fls com o melhor pre\u00e7o e atendimento na Carbopel. Entrega em todo Brasil.\",\"breadcrumb\":{\"@id\":\"https:\/\/carbopel.com.br\/distribuidora-de-papeis\/produto\/papel-sulfite-report-reciclato-a4-210-x-297-75g-caixa-c-2500-fls\/#breadcrumb\"},\"inLanguage\":\"pt-BR\",\"potentialAction\":[{\"@type\":\"ReadAction\",\"target\":[\"https:\/\/carbopel.com.br\/distribuidora-de-papeis\/produto\/papel-sulfite-report-reciclato-a4-210-x-297-75g-caixa-c-2500-fls\/\"]}]},{\"@type\":\"ImageObject\",\"inLanguage\":\"pt-BR\",\"@id\":\"https:\/\/carbopel.com.br\/distribuidora-de-papeis\/produto\/papel-sulfite-report-reciclato-a4-210-x-297-75g-caixa-c-2500-fls\/#primaryimage\",\"url\":\"https:\/\/carbopel.com.br\/distribuidora-de-papeis\/wp-content\/uploads\/2020\/06\/REPORT-RECICLATO-75G.jpg\",\"contentUrl\":\"https:\/\/carbopel.com.br\/distribuidora-de-papeis\/wp-content\/uploads\/2020\/06\/REPORT-RECICLATO-75G.jpg\",\"width\":500,\"height\":500,\"caption\":\"Papel Sulfite Report Reciclato A4 (210 X 297) 75g Caixa C\/2500 Fls\"},{\"@type\":\"BreadcrumbList\",\"@id\":\"https:\/\/carbopel.com.br\/distribuidora-de-papeis\/produto\/papel-sulfite-report-reciclato-a4-210-x-297-75g-caixa-c-2500-fls\/#breadcrumb\",\"itemListElement\":[{\"@type\":\"ListItem\",\"position\":1,\"name\":\"In\u00edcio\",\"item\":\"https:\/\/carbopel.com.br\/distribuidora-de-papeis\/\"},{\"@type\":\"ListItem\",\"position\":2,\"name\":\"Loja virtual\",\"item\":\"https:\/\/carbopel.com.br\/distribuidora-de-papeis\/loja\/\"},{\"@type\":\"ListItem\",\"position\":3,\"name\":\"Papel Sulfite Report Reciclato A4 (210 X 297) 75g Caixa C\/2500 Fls\"}]},{\"@type\":\"WebSite\",\"@id\":\"https:\/\/carbopel.com.br\/distribuidora-de-papeis\/#website\",\"url\":\"https:\/\/carbopel.com.br\/distribuidora-de-papeis\/\",\"name\":\"Carbopel\",\"description\":\"Distribuidora e Fornecedora de Papel\",\"publisher\":{\"@id\":\"https:\/\/carbopel.com.br\/distribuidora-de-papeis\/#organization\"},\"potentialAction\":[{\"@type\":\"SearchAction\",\"target\":{\"@type\":\"EntryPoint\",\"urlTemplate\":\"https:\/\/carbopel.com.br\/distribuidora-de-papeis\/?s={search_term_string}\"},\"query-input\":{\"@type\":\"PropertyValueSpecification\",\"valueRequired\":true,\"valueName\":\"search_term_string\"}}],\"inLanguage\":\"pt-BR\"},{\"@type\":\"Organization\",\"@id\":\"https:\/\/carbopel.com.br\/distribuidora-de-papeis\/#organization\",\"name\":\"Carbopel - Distribuidora e Fornecedora de Papel\",\"url\":\"https:\/\/carbopel.com.br\/distribuidora-de-papeis\/\",\"logo\":{\"@type\":\"ImageObject\",\"inLanguage\":\"pt-BR\",\"@id\":\"https:\/\/carbopel.com.br\/distribuidora-de-papeis\/#\/schema\/logo\/image\/\",\"url\":\"https:\/\/carbopel.com.br\/distribuidora-de-papeis\/wp-content\/uploads\/2022\/06\/Carbopel-artes-9.png\",\"contentUrl\":\"https:\/\/carbopel.com.br\/distribuidora-de-papeis\/wp-content\/uploads\/2022\/06\/Carbopel-artes-9.png\",\"width\":1200,\"height\":1200,\"caption\":\"Carbopel - Distribuidora e Fornecedora de Papel\"},\"image\":{\"@id\":\"https:\/\/carbopel.com.br\/distribuidora-de-papeis\/#\/schema\/logo\/image\/\"},\"sameAs\":[\"https:\/\/www.facebook.com\/Carbopel-Papis-109545114125743\/\",\"https:\/\/www.instagram.com\/carbopel\/\"]}]}<\/script>\n<!-- \/ Yoast SEO plugin. -->","yoast_head_json":{"title":"Papel Sulfite Report Reciclato A4 (210 X 297) 75g Caixa C\/2500 Fls &#8226; Carbopel","description":"Compre Papel Sulfite Report Reciclato A4 (210 X 297) 75g Caixa C\/2500 Fls com o melhor pre\u00e7o e atendimento na Carbopel. Entrega em todo Brasil.","robots":{"index":"index","follow":"follow","max-snippet":"max-snippet:-1","max-image-preview":"max-image-preview:large","max-video-preview":"max-video-preview:-1"},"canonical":"https:\/\/carbopel.com.br\/distribuidora-de-papeis\/produto\/papel-sulfite-report-reciclato-a4-210-x-297-75g-caixa-c-2500-fls\/","og_locale":"pt_BR","og_type":"article","og_title":"Papel Sulfite Report Reciclato A4 (210 X 297) 75g Caixa C\/2500 Fls &#8226; Carbopel","og_description":"Compre Papel Sulfite Report Reciclato A4 (210 X 297) 75g Caixa C\/2500 Fls com o melhor pre\u00e7o e atendimento na Carbopel. Entrega em todo Brasil.","og_url":"https:\/\/carbopel.com.br\/distribuidora-de-papeis\/produto\/papel-sulfite-report-reciclato-a4-210-x-297-75g-caixa-c-2500-fls\/","og_site_name":"Carbopel","article_publisher":"https:\/\/www.facebook.com\/Carbopel-Papis-109545114125743\/","article_modified_time":"2026-03-11T18:04:02+00:00","og_image":[{"width":500,"height":500,"url":"http:\/\/carbopel.com.br\/distribuidora-de-papeis\/wp-content\/uploads\/2020\/06\/REPORT-RECICLATO-75G.jpg","type":"image\/jpeg"}],"twitter_card":"summary_large_image","schema":{"@context":"https:\/\/schema.org","@graph":[{"@type":"WebPage","@id":"https:\/\/carbopel.com.br\/distribuidora-de-papeis\/produto\/papel-sulfite-report-reciclato-a4-210-x-297-75g-caixa-c-2500-fls\/","url":"https:\/\/carbopel.com.br\/distribuidora-de-papeis\/produto\/papel-sulfite-report-reciclato-a4-210-x-297-75g-caixa-c-2500-fls\/","name":"Papel Sulfite Report Reciclato A4 (210 X 297) 75g Caixa C\/2500 Fls &#8226; Carbopel","isPartOf":{"@id":"https:\/\/carbopel.com.br\/distribuidora-de-papeis\/#website"},"primaryImageOfPage":{"@id":"https:\/\/carbopel.com.br\/distribuidora-de-papeis\/produto\/papel-sulfite-report-reciclato-a4-210-x-297-75g-caixa-c-2500-fls\/#primaryimage"},"image":{"@id":"https:\/\/carbopel.com.br\/distribuidora-de-papeis\/produto\/papel-sulfite-report-reciclato-a4-210-x-297-75g-caixa-c-2500-fls\/#primaryimage"},"thumbnailUrl":"https:\/\/carbopel.com.br\/distribuidora-de-papeis\/wp-content\/uploads\/2020\/06\/REPORT-RECICLATO-75G.jpg","datePublished":"2020-06-30T17:27:25+00:00","dateModified":"2026-03-11T18:04:02+00:00","description":"Compre Papel Sulfite Report Reciclato A4 (210 X 297) 75g Caixa C\/2500 Fls com o melhor pre\u00e7o e atendimento na Carbopel. Entrega em todo Brasil.","breadcrumb":{"@id":"https:\/\/carbopel.com.br\/distribuidora-de-papeis\/produto\/papel-sulfite-report-reciclato-a4-210-x-297-75g-caixa-c-2500-fls\/#breadcrumb"},"inLanguage":"pt-BR","potentialAction":[{"@type":"ReadAction","target":["https:\/\/carbopel.com.br\/distribuidora-de-papeis\/produto\/papel-sulfite-report-reciclato-a4-210-x-297-75g-caixa-c-2500-fls\/"]}]},{"@type":"ImageObject","inLanguage":"pt-BR","@id":"https:\/\/carbopel.com.br\/distribuidora-de-papeis\/produto\/papel-sulfite-report-reciclato-a4-210-x-297-75g-caixa-c-2500-fls\/#primaryimage","url":"https:\/\/carbopel.com.br\/distribuidora-de-papeis\/wp-content\/uploads\/2020\/06\/REPORT-RECICLATO-75G.jpg","contentUrl":"https:\/\/carbopel.com.br\/distribuidora-de-papeis\/wp-content\/uploads\/2020\/06\/REPORT-RECICLATO-75G.jpg","width":500,"height":500,"caption":"Papel Sulfite Report Reciclato A4 (210 X 297) 75g Caixa C\/2500 Fls"},{"@type":"BreadcrumbList","@id":"https:\/\/carbopel.com.br\/distribuidora-de-papeis\/produto\/papel-sulfite-report-reciclato-a4-210-x-297-75g-caixa-c-2500-fls\/#breadcrumb","itemListElement":[{"@type":"ListItem","position":1,"name":"In\u00edcio","item":"https:\/\/carbopel.com.br\/distribuidora-de-papeis\/"},{"@type":"ListItem","position":2,"name":"Loja virtual","item":"https:\/\/carbopel.com.br\/distribuidora-de-papeis\/loja\/"},{"@type":"ListItem","position":3,"name":"Papel Sulfite Report Reciclato A4 (210 X 297) 75g Caixa C\/2500 Fls"}]},{"@type":"WebSite","@id":"https:\/\/carbopel.com.br\/distribuidora-de-papeis\/#website","url":"https:\/\/carbopel.com.br\/distribuidora-de-papeis\/","name":"Carbopel","description":"Distribuidora e Fornecedora de Papel","publisher":{"@id":"https:\/\/carbopel.com.br\/distribuidora-de-papeis\/#organization"},"potentialAction":[{"@type":"SearchAction","target":{"@type":"EntryPoint","urlTemplate":"https:\/\/carbopel.com.br\/distribuidora-de-papeis\/?s={search_term_string}"},"query-input":{"@type":"PropertyValueSpecification","valueRequired":true,"valueName":"search_term_string"}}],"inLanguage":"pt-BR"},{"@type":"Organization","@id":"https:\/\/carbopel.com.br\/distribuidora-de-papeis\/#organization","name":"Carbopel - Distribuidora e Fornecedora de Papel","url":"https:\/\/carbopel.com.br\/distribuidora-de-papeis\/","logo":{"@type":"ImageObject","inLanguage":"pt-BR","@id":"https:\/\/carbopel.com.br\/distribuidora-de-papeis\/#\/schema\/logo\/image\/","url":"https:\/\/carbopel.com.br\/distribuidora-de-papeis\/wp-content\/uploads\/2022\/06\/Carbopel-artes-9.png","contentUrl":"https:\/\/carbopel.com.br\/distribuidora-de-papeis\/wp-content\/uploads\/2022\/06\/Carbopel-artes-9.png","width":1200,"height":1200,"caption":"Carbopel - Distribuidora e Fornecedora de Papel"},"image":{"@id":"https:\/\/carbopel.com.br\/distribuidora-de-papeis\/#\/schema\/logo\/image\/"},"sameAs":["https:\/\/www.facebook.com\/Carbopel-Papis-109545114125743\/","https:\/\/www.instagram.com\/carbopel\/"]}]}},"_links":{"self":[{"href":"https:\/\/carbopel.com.br\/distribuidora-de-papeis\/wp-json\/wp\/v2\/product\/438","targetHints":{"allow":["GET"]}}],"collection":[{"href":"https:\/\/carbopel.com.br\/distribuidora-de-papeis\/wp-json\/wp\/v2\/product"}],"about":[{"href":"https:\/\/carbopel.com.br\/distribuidora-de-papeis\/wp-json\/wp\/v2\/types\/product"}],"replies":[{"embeddable":true,"href":"https:\/\/carbopel.com.br\/distribuidora-de-papeis\/wp-json\/wp\/v2\/comments?post=438"}],"wp:featuredmedia":[{"embeddable":true,"href":"https:\/\/carbopel.com.br\/distribuidora-de-papeis\/wp-json\/wp\/v2\/media\/439"}],"wp:attachment":[{"href":"https:\/\/carbopel.com.br\/distribuidora-de-papeis\/wp-json\/wp\/v2\/media?parent=438"}],"wp:term":[{"taxonomy":"product_brand","embeddable":true,"href":"https:\/\/carbopel.com.br\/distribuidora-de-papeis\/wp-json\/wp\/v2\/product_brand?post=438"},{"taxonomy":"product_cat","embeddable":true,"href":"https:\/\/carbopel.com.br\/distribuidora-de-papeis\/wp-json\/wp\/v2\/product_cat?post=438"},{"taxonomy":"product_tag","embeddable":true,"href":"https:\/\/carbopel.com.br\/distribuidora-de-papeis\/wp-json\/wp\/v2\/product_tag?post=438"}],"curies":[{"name":"wp","href":"https:\/\/api.w.org\/{rel}","templated":true}]}}