{"id":413,"date":"2020-06-30T09:13:07","date_gmt":"2020-06-30T12:13:07","guid":{"rendered":"https:\/\/carbopel.com.br\/distribuidora-de-papeis\/?post_type=product&#038;p=413"},"modified":"2022-06-26T18:54:35","modified_gmt":"2022-06-26T21:54:35","slug":"papel-cartao-triplex-300gr-a4-c1s-50-folhas","status":"publish","type":"product","link":"https:\/\/carbopel.com.br\/distribuidora-de-papeis\/produto\/papel-cartao-triplex-300gr-a4-c1s-50-folhas\/","title":{"rendered":"Papel Cart\u00e3o Triplex 300gr A4 C1s &#8211; 50 Folhas"},"content":{"rendered":"<p>Formato: A4 &#8211; 21cm x 29,7cm<br \/>\nGramatura: 300g\/m\u00b2<br \/>\nQuantidade por pacote: 50 unidades<\/p>\n<p>O papel cart\u00e3o triplex \u00e9 confeccionado com duas camadas de celulose branca, miolo de celulose pr\u00e9-branqueada e cobertura couch\u00ea em um dos lados. Possui maior resist\u00eancia, melhor apar\u00eancia e possibilidade de impress\u00e3o em ambos os lados. Este Cart\u00e3o C1S possui revestimento de duplo coat na frente, e seu verso \u00e9 sem revestimento, sendo branco e poroso.<\/p>\n<p><strong>\u00a0<\/strong><\/p>\n","protected":false},"excerpt":{"rendered":"<p>Sugere-se impress\u00e3o em impressoras laser, digital ou off set. (Verificar restri\u00e7\u00f5es de gramatura);<\/p>\n","protected":false},"featured_media":806,"comment_status":"open","ping_status":"closed","template":"","meta":[],"product_brand":[],"product_cat":[18,88,85],"product_tag":[48],"class_list":{"0":"post-413","1":"product","2":"type-product","3":"status-publish","4":"has-post-thumbnail","6":"product_cat-cartao-triplex","7":"product_cat-papel-cartao-triplex-c1s-300g","8":"product_cat-formato-a4-cartao-triplex","9":"product_tag-papel-triplex-a4","11":"first","12":"outofstock","13":"sale","14":"taxable","15":"shipping-taxable","16":"purchasable","17":"product-type-simple"},"yoast_head":"<!-- This site is optimized with the Yoast SEO plugin v24.5 - https:\/\/yoast.com\/wordpress\/plugins\/seo\/ -->\n<title>Papel Cart\u00e3o Triplex 300gr A4 C1s - 50 Folhas &#8226; Carbopel<\/title>\n<meta name=\"description\" content=\"Compre Papel Cart\u00e3o Triplex 300gr A4 C1s - 50 Folhas com o melhor pre\u00e7o e atendimento na Carbopel. Entrega em todo Brasil.\" \/>\n<meta name=\"robots\" content=\"index, follow, max-snippet:-1, max-image-preview:large, max-video-preview:-1\" \/>\n<link rel=\"canonical\" href=\"https:\/\/carbopel.com.br\/distribuidora-de-papeis\/produto\/papel-cartao-triplex-300gr-a4-c1s-50-folhas\/\" \/>\n<meta property=\"og:locale\" content=\"pt_BR\" \/>\n<meta property=\"og:type\" content=\"article\" \/>\n<meta property=\"og:title\" content=\"Papel Cart\u00e3o Triplex 300gr A4 C1s - 50 Folhas &#8226; Carbopel\" \/>\n<meta property=\"og:description\" content=\"Compre Papel Cart\u00e3o Triplex 300gr A4 C1s - 50 Folhas com o melhor pre\u00e7o e atendimento na Carbopel. Entrega em todo Brasil.\" \/>\n<meta property=\"og:url\" content=\"https:\/\/carbopel.com.br\/distribuidora-de-papeis\/produto\/papel-cartao-triplex-300gr-a4-c1s-50-folhas\/\" \/>\n<meta property=\"og:site_name\" content=\"Carbopel\" \/>\n<meta property=\"article:publisher\" content=\"https:\/\/www.facebook.com\/Carbopel-Papis-109545114125743\/\" \/>\n<meta property=\"article:modified_time\" content=\"2022-06-26T21:54:35+00:00\" \/>\n<meta property=\"og:image\" content=\"https:\/\/carbopel.com.br\/distribuidora-de-papeis\/wp-content\/uploads\/2020\/06\/A4-TRIPLEX.jpg\" \/>\n\t<meta property=\"og:image:width\" content=\"768\" \/>\n\t<meta property=\"og:image:height\" content=\"968\" \/>\n\t<meta property=\"og:image:type\" content=\"image\/jpeg\" \/>\n<meta name=\"twitter:card\" content=\"summary_large_image\" \/>\n<script type=\"application\/ld+json\" class=\"yoast-schema-graph\">{\"@context\":\"https:\/\/schema.org\",\"@graph\":[{\"@type\":\"WebPage\",\"@id\":\"https:\/\/carbopel.com.br\/distribuidora-de-papeis\/produto\/papel-cartao-triplex-300gr-a4-c1s-50-folhas\/\",\"url\":\"https:\/\/carbopel.com.br\/distribuidora-de-papeis\/produto\/papel-cartao-triplex-300gr-a4-c1s-50-folhas\/\",\"name\":\"Papel Cart\u00e3o Triplex 300gr A4 C1s - 50 Folhas &#8226; Carbopel\",\"isPartOf\":{\"@id\":\"https:\/\/carbopel.com.br\/distribuidora-de-papeis\/#website\"},\"primaryImageOfPage\":{\"@id\":\"https:\/\/carbopel.com.br\/distribuidora-de-papeis\/produto\/papel-cartao-triplex-300gr-a4-c1s-50-folhas\/#primaryimage\"},\"image\":{\"@id\":\"https:\/\/carbopel.com.br\/distribuidora-de-papeis\/produto\/papel-cartao-triplex-300gr-a4-c1s-50-folhas\/#primaryimage\"},\"thumbnailUrl\":\"https:\/\/carbopel.com.br\/distribuidora-de-papeis\/wp-content\/uploads\/2020\/06\/A4-TRIPLEX.jpg\",\"datePublished\":\"2020-06-30T12:13:07+00:00\",\"dateModified\":\"2022-06-26T21:54:35+00:00\",\"description\":\"Compre Papel Cart\u00e3o Triplex 300gr A4 C1s - 50 Folhas com o melhor pre\u00e7o e atendimento na Carbopel. Entrega em todo Brasil.\",\"breadcrumb\":{\"@id\":\"https:\/\/carbopel.com.br\/distribuidora-de-papeis\/produto\/papel-cartao-triplex-300gr-a4-c1s-50-folhas\/#breadcrumb\"},\"inLanguage\":\"pt-BR\",\"potentialAction\":[{\"@type\":\"ReadAction\",\"target\":[\"https:\/\/carbopel.com.br\/distribuidora-de-papeis\/produto\/papel-cartao-triplex-300gr-a4-c1s-50-folhas\/\"]}]},{\"@type\":\"ImageObject\",\"inLanguage\":\"pt-BR\",\"@id\":\"https:\/\/carbopel.com.br\/distribuidora-de-papeis\/produto\/papel-cartao-triplex-300gr-a4-c1s-50-folhas\/#primaryimage\",\"url\":\"https:\/\/carbopel.com.br\/distribuidora-de-papeis\/wp-content\/uploads\/2020\/06\/A4-TRIPLEX.jpg\",\"contentUrl\":\"https:\/\/carbopel.com.br\/distribuidora-de-papeis\/wp-content\/uploads\/2020\/06\/A4-TRIPLEX.jpg\",\"width\":768,\"height\":968,\"caption\":\"Papel Cart\u00e3o Triplex\"},{\"@type\":\"BreadcrumbList\",\"@id\":\"https:\/\/carbopel.com.br\/distribuidora-de-papeis\/produto\/papel-cartao-triplex-300gr-a4-c1s-50-folhas\/#breadcrumb\",\"itemListElement\":[{\"@type\":\"ListItem\",\"position\":1,\"name\":\"In\u00edcio\",\"item\":\"https:\/\/carbopel.com.br\/distribuidora-de-papeis\/\"},{\"@type\":\"ListItem\",\"position\":2,\"name\":\"Loja virtual\",\"item\":\"https:\/\/carbopel.com.br\/distribuidora-de-papeis\/loja\/\"},{\"@type\":\"ListItem\",\"position\":3,\"name\":\"Papel Cart\u00e3o Triplex 300gr A4 C1s &#8211; 50 Folhas\"}]},{\"@type\":\"WebSite\",\"@id\":\"https:\/\/carbopel.com.br\/distribuidora-de-papeis\/#website\",\"url\":\"https:\/\/carbopel.com.br\/distribuidora-de-papeis\/\",\"name\":\"Carbopel\",\"description\":\"Distribuidora e Fornecedora de Papel\",\"publisher\":{\"@id\":\"https:\/\/carbopel.com.br\/distribuidora-de-papeis\/#organization\"},\"potentialAction\":[{\"@type\":\"SearchAction\",\"target\":{\"@type\":\"EntryPoint\",\"urlTemplate\":\"https:\/\/carbopel.com.br\/distribuidora-de-papeis\/?s={search_term_string}\"},\"query-input\":{\"@type\":\"PropertyValueSpecification\",\"valueRequired\":true,\"valueName\":\"search_term_string\"}}],\"inLanguage\":\"pt-BR\"},{\"@type\":\"Organization\",\"@id\":\"https:\/\/carbopel.com.br\/distribuidora-de-papeis\/#organization\",\"name\":\"Carbopel - Distribuidora e Fornecedora de Papel\",\"url\":\"https:\/\/carbopel.com.br\/distribuidora-de-papeis\/\",\"logo\":{\"@type\":\"ImageObject\",\"inLanguage\":\"pt-BR\",\"@id\":\"https:\/\/carbopel.com.br\/distribuidora-de-papeis\/#\/schema\/logo\/image\/\",\"url\":\"https:\/\/carbopel.com.br\/distribuidora-de-papeis\/wp-content\/uploads\/2022\/06\/Carbopel-artes-9.png\",\"contentUrl\":\"https:\/\/carbopel.com.br\/distribuidora-de-papeis\/wp-content\/uploads\/2022\/06\/Carbopel-artes-9.png\",\"width\":1200,\"height\":1200,\"caption\":\"Carbopel - Distribuidora e Fornecedora de Papel\"},\"image\":{\"@id\":\"https:\/\/carbopel.com.br\/distribuidora-de-papeis\/#\/schema\/logo\/image\/\"},\"sameAs\":[\"https:\/\/www.facebook.com\/Carbopel-Papis-109545114125743\/\",\"https:\/\/www.instagram.com\/carbopel\/\"]}]}<\/script>\n<!-- \/ Yoast SEO plugin. -->","yoast_head_json":{"title":"Papel Cart\u00e3o Triplex 300gr A4 C1s - 50 Folhas &#8226; Carbopel","description":"Compre Papel Cart\u00e3o Triplex 300gr A4 C1s - 50 Folhas com o melhor pre\u00e7o e atendimento na Carbopel. Entrega em todo Brasil.","robots":{"index":"index","follow":"follow","max-snippet":"max-snippet:-1","max-image-preview":"max-image-preview:large","max-video-preview":"max-video-preview:-1"},"canonical":"https:\/\/carbopel.com.br\/distribuidora-de-papeis\/produto\/papel-cartao-triplex-300gr-a4-c1s-50-folhas\/","og_locale":"pt_BR","og_type":"article","og_title":"Papel Cart\u00e3o Triplex 300gr A4 C1s - 50 Folhas &#8226; Carbopel","og_description":"Compre Papel Cart\u00e3o Triplex 300gr A4 C1s - 50 Folhas com o melhor pre\u00e7o e atendimento na Carbopel. Entrega em todo Brasil.","og_url":"https:\/\/carbopel.com.br\/distribuidora-de-papeis\/produto\/papel-cartao-triplex-300gr-a4-c1s-50-folhas\/","og_site_name":"Carbopel","article_publisher":"https:\/\/www.facebook.com\/Carbopel-Papis-109545114125743\/","article_modified_time":"2022-06-26T21:54:35+00:00","og_image":[{"width":768,"height":968,"url":"https:\/\/carbopel.com.br\/distribuidora-de-papeis\/wp-content\/uploads\/2020\/06\/A4-TRIPLEX.jpg","type":"image\/jpeg"}],"twitter_card":"summary_large_image","schema":{"@context":"https:\/\/schema.org","@graph":[{"@type":"WebPage","@id":"https:\/\/carbopel.com.br\/distribuidora-de-papeis\/produto\/papel-cartao-triplex-300gr-a4-c1s-50-folhas\/","url":"https:\/\/carbopel.com.br\/distribuidora-de-papeis\/produto\/papel-cartao-triplex-300gr-a4-c1s-50-folhas\/","name":"Papel Cart\u00e3o Triplex 300gr A4 C1s - 50 Folhas &#8226; Carbopel","isPartOf":{"@id":"https:\/\/carbopel.com.br\/distribuidora-de-papeis\/#website"},"primaryImageOfPage":{"@id":"https:\/\/carbopel.com.br\/distribuidora-de-papeis\/produto\/papel-cartao-triplex-300gr-a4-c1s-50-folhas\/#primaryimage"},"image":{"@id":"https:\/\/carbopel.com.br\/distribuidora-de-papeis\/produto\/papel-cartao-triplex-300gr-a4-c1s-50-folhas\/#primaryimage"},"thumbnailUrl":"https:\/\/carbopel.com.br\/distribuidora-de-papeis\/wp-content\/uploads\/2020\/06\/A4-TRIPLEX.jpg","datePublished":"2020-06-30T12:13:07+00:00","dateModified":"2022-06-26T21:54:35+00:00","description":"Compre Papel Cart\u00e3o Triplex 300gr A4 C1s - 50 Folhas com o melhor pre\u00e7o e atendimento na Carbopel. Entrega em todo Brasil.","breadcrumb":{"@id":"https:\/\/carbopel.com.br\/distribuidora-de-papeis\/produto\/papel-cartao-triplex-300gr-a4-c1s-50-folhas\/#breadcrumb"},"inLanguage":"pt-BR","potentialAction":[{"@type":"ReadAction","target":["https:\/\/carbopel.com.br\/distribuidora-de-papeis\/produto\/papel-cartao-triplex-300gr-a4-c1s-50-folhas\/"]}]},{"@type":"ImageObject","inLanguage":"pt-BR","@id":"https:\/\/carbopel.com.br\/distribuidora-de-papeis\/produto\/papel-cartao-triplex-300gr-a4-c1s-50-folhas\/#primaryimage","url":"https:\/\/carbopel.com.br\/distribuidora-de-papeis\/wp-content\/uploads\/2020\/06\/A4-TRIPLEX.jpg","contentUrl":"https:\/\/carbopel.com.br\/distribuidora-de-papeis\/wp-content\/uploads\/2020\/06\/A4-TRIPLEX.jpg","width":768,"height":968,"caption":"Papel Cart\u00e3o Triplex"},{"@type":"BreadcrumbList","@id":"https:\/\/carbopel.com.br\/distribuidora-de-papeis\/produto\/papel-cartao-triplex-300gr-a4-c1s-50-folhas\/#breadcrumb","itemListElement":[{"@type":"ListItem","position":1,"name":"In\u00edcio","item":"https:\/\/carbopel.com.br\/distribuidora-de-papeis\/"},{"@type":"ListItem","position":2,"name":"Loja virtual","item":"https:\/\/carbopel.com.br\/distribuidora-de-papeis\/loja\/"},{"@type":"ListItem","position":3,"name":"Papel Cart\u00e3o Triplex 300gr A4 C1s &#8211; 50 Folhas"}]},{"@type":"WebSite","@id":"https:\/\/carbopel.com.br\/distribuidora-de-papeis\/#website","url":"https:\/\/carbopel.com.br\/distribuidora-de-papeis\/","name":"Carbopel","description":"Distribuidora e Fornecedora de Papel","publisher":{"@id":"https:\/\/carbopel.com.br\/distribuidora-de-papeis\/#organization"},"potentialAction":[{"@type":"SearchAction","target":{"@type":"EntryPoint","urlTemplate":"https:\/\/carbopel.com.br\/distribuidora-de-papeis\/?s={search_term_string}"},"query-input":{"@type":"PropertyValueSpecification","valueRequired":true,"valueName":"search_term_string"}}],"inLanguage":"pt-BR"},{"@type":"Organization","@id":"https:\/\/carbopel.com.br\/distribuidora-de-papeis\/#organization","name":"Carbopel - Distribuidora e Fornecedora de Papel","url":"https:\/\/carbopel.com.br\/distribuidora-de-papeis\/","logo":{"@type":"ImageObject","inLanguage":"pt-BR","@id":"https:\/\/carbopel.com.br\/distribuidora-de-papeis\/#\/schema\/logo\/image\/","url":"https:\/\/carbopel.com.br\/distribuidora-de-papeis\/wp-content\/uploads\/2022\/06\/Carbopel-artes-9.png","contentUrl":"https:\/\/carbopel.com.br\/distribuidora-de-papeis\/wp-content\/uploads\/2022\/06\/Carbopel-artes-9.png","width":1200,"height":1200,"caption":"Carbopel - Distribuidora e Fornecedora de Papel"},"image":{"@id":"https:\/\/carbopel.com.br\/distribuidora-de-papeis\/#\/schema\/logo\/image\/"},"sameAs":["https:\/\/www.facebook.com\/Carbopel-Papis-109545114125743\/","https:\/\/www.instagram.com\/carbopel\/"]}]}},"_links":{"self":[{"href":"https:\/\/carbopel.com.br\/distribuidora-de-papeis\/wp-json\/wp\/v2\/product\/413","targetHints":{"allow":["GET"]}}],"collection":[{"href":"https:\/\/carbopel.com.br\/distribuidora-de-papeis\/wp-json\/wp\/v2\/product"}],"about":[{"href":"https:\/\/carbopel.com.br\/distribuidora-de-papeis\/wp-json\/wp\/v2\/types\/product"}],"replies":[{"embeddable":true,"href":"https:\/\/carbopel.com.br\/distribuidora-de-papeis\/wp-json\/wp\/v2\/comments?post=413"}],"wp:featuredmedia":[{"embeddable":true,"href":"https:\/\/carbopel.com.br\/distribuidora-de-papeis\/wp-json\/wp\/v2\/media\/806"}],"wp:attachment":[{"href":"https:\/\/carbopel.com.br\/distribuidora-de-papeis\/wp-json\/wp\/v2\/media?parent=413"}],"wp:term":[{"taxonomy":"product_brand","embeddable":true,"href":"https:\/\/carbopel.com.br\/distribuidora-de-papeis\/wp-json\/wp\/v2\/product_brand?post=413"},{"taxonomy":"product_cat","embeddable":true,"href":"https:\/\/carbopel.com.br\/distribuidora-de-papeis\/wp-json\/wp\/v2\/product_cat?post=413"},{"taxonomy":"product_tag","embeddable":true,"href":"https:\/\/carbopel.com.br\/distribuidora-de-papeis\/wp-json\/wp\/v2\/product_tag?post=413"}],"curies":[{"name":"wp","href":"https:\/\/api.w.org\/{rel}","templated":true}]}}