{"id":369,"date":"2020-06-26T10:08:36","date_gmt":"2020-06-26T13:08:36","guid":{"rendered":"https:\/\/carbopel.com.br\/distribuidora-de-papeis\/?post_type=product&#038;p=369"},"modified":"2026-02-20T16:52:59","modified_gmt":"2026-02-20T19:52:59","slug":"papel-offset-56g-a4-500-folhas","status":"publish","type":"product","link":"https:\/\/carbopel.com.br\/distribuidora-de-papeis\/produto\/papel-offset-56g-a4-500-folhas\/","title":{"rendered":"Papel Offset Sulfite 56g 500 Folhas"},"content":{"rendered":"<p>Gramatura: 56g\/m\u00b2<br \/>\nQuantidade por pacote: 500 unidades<\/p>\n<p>Papel com superf\u00edcie lisa ideal para quem deseja impressos de alta qualidade, com grande nitidez, cores intensas, vivas e mais uniformes.<\/p>\n<p>Tipos de impress\u00e3o: Aceita todos os tipos de impress\u00f5es.<\/p>\n<p>Utiliza\u00e7\u00e3o: Folders, cart\u00f5es de visita, convites, envelopes, cartazes, calend\u00e1rios, card\u00e1pios, diplomas, receitu\u00e1rios, curr\u00edculos, \u00e1lbuns, malas-direta, pastas, embalagens, etc..<\/p>\n","protected":false},"excerpt":{"rendered":"<p>Papel com superf\u00edcie lisa ideal para quem deseja impressos de alta qualidade, com grande nitidez, cores intensas, vivas e mais uniformes.<\/p>\n","protected":false},"featured_media":818,"comment_status":"open","ping_status":"closed","template":"","meta":[],"product_brand":[],"product_cat":[17,59],"product_tag":[38],"class_list":{"0":"post-369","1":"product","2":"type-product","3":"status-publish","4":"has-post-thumbnail","6":"product_cat-papel-offset","7":"product_cat-papel-off-set-sulfite-56g","8":"product_tag-papel-off-set","10":"first","11":"instock","12":"taxable","13":"shipping-taxable","14":"purchasable","15":"product-type-variable"},"yoast_head":"<!-- This site is optimized with the Yoast SEO plugin v24.5 - https:\/\/yoast.com\/wordpress\/plugins\/seo\/ -->\n<title>Papel Offset Sulfite 56g 500 Folhas &#8226; Carbopel<\/title>\n<meta name=\"description\" content=\"Compre Papel Offset Sulfite 56g 500 Folhas com o melhor pre\u00e7o e atendimento na Carbopel. Entrega em todo Brasil.\" \/>\n<meta name=\"robots\" content=\"index, follow, max-snippet:-1, max-image-preview:large, max-video-preview:-1\" \/>\n<link rel=\"canonical\" href=\"https:\/\/carbopel.com.br\/distribuidora-de-papeis\/produto\/papel-offset-56g-a4-500-folhas\/\" \/>\n<meta property=\"og:locale\" content=\"pt_BR\" \/>\n<meta property=\"og:type\" content=\"article\" \/>\n<meta property=\"og:title\" content=\"Papel Offset Sulfite 56g 500 Folhas &#8226; Carbopel\" \/>\n<meta property=\"og:description\" content=\"Compre Papel Offset Sulfite 56g 500 Folhas com o melhor pre\u00e7o e atendimento na Carbopel. Entrega em todo Brasil.\" \/>\n<meta property=\"og:url\" content=\"https:\/\/carbopel.com.br\/distribuidora-de-papeis\/produto\/papel-offset-56g-a4-500-folhas\/\" \/>\n<meta property=\"og:site_name\" content=\"Carbopel\" \/>\n<meta property=\"article:publisher\" content=\"https:\/\/www.facebook.com\/Carbopel-Papis-109545114125743\/\" \/>\n<meta property=\"article:modified_time\" content=\"2026-02-20T19:52:59+00:00\" \/>\n<meta property=\"og:image\" content=\"http:\/\/carbopel.com.br\/distribuidora-de-papeis\/wp-content\/uploads\/2020\/07\/OF-A4.jpg\" \/>\n\t<meta property=\"og:image:width\" content=\"960\" \/>\n\t<meta property=\"og:image:height\" content=\"1280\" \/>\n\t<meta property=\"og:image:type\" content=\"image\/jpeg\" \/>\n<meta name=\"twitter:card\" content=\"summary_large_image\" \/>\n<script type=\"application\/ld+json\" class=\"yoast-schema-graph\">{\"@context\":\"https:\/\/schema.org\",\"@graph\":[{\"@type\":\"WebPage\",\"@id\":\"https:\/\/carbopel.com.br\/distribuidora-de-papeis\/produto\/papel-offset-56g-a4-500-folhas\/\",\"url\":\"https:\/\/carbopel.com.br\/distribuidora-de-papeis\/produto\/papel-offset-56g-a4-500-folhas\/\",\"name\":\"Papel Offset Sulfite 56g 500 Folhas &#8226; Carbopel\",\"isPartOf\":{\"@id\":\"https:\/\/carbopel.com.br\/distribuidora-de-papeis\/#website\"},\"primaryImageOfPage\":{\"@id\":\"https:\/\/carbopel.com.br\/distribuidora-de-papeis\/produto\/papel-offset-56g-a4-500-folhas\/#primaryimage\"},\"image\":{\"@id\":\"https:\/\/carbopel.com.br\/distribuidora-de-papeis\/produto\/papel-offset-56g-a4-500-folhas\/#primaryimage\"},\"thumbnailUrl\":\"https:\/\/carbopel.com.br\/distribuidora-de-papeis\/wp-content\/uploads\/2020\/07\/OF-A4.jpg\",\"datePublished\":\"2020-06-26T13:08:36+00:00\",\"dateModified\":\"2026-02-20T19:52:59+00:00\",\"description\":\"Compre Papel Offset Sulfite 56g 500 Folhas com o melhor pre\u00e7o e atendimento na Carbopel. Entrega em todo Brasil.\",\"breadcrumb\":{\"@id\":\"https:\/\/carbopel.com.br\/distribuidora-de-papeis\/produto\/papel-offset-56g-a4-500-folhas\/#breadcrumb\"},\"inLanguage\":\"pt-BR\",\"potentialAction\":[{\"@type\":\"ReadAction\",\"target\":[\"https:\/\/carbopel.com.br\/distribuidora-de-papeis\/produto\/papel-offset-56g-a4-500-folhas\/\"]}]},{\"@type\":\"ImageObject\",\"inLanguage\":\"pt-BR\",\"@id\":\"https:\/\/carbopel.com.br\/distribuidora-de-papeis\/produto\/papel-offset-56g-a4-500-folhas\/#primaryimage\",\"url\":\"https:\/\/carbopel.com.br\/distribuidora-de-papeis\/wp-content\/uploads\/2020\/07\/OF-A4.jpg\",\"contentUrl\":\"https:\/\/carbopel.com.br\/distribuidora-de-papeis\/wp-content\/uploads\/2020\/07\/OF-A4.jpg\",\"width\":960,\"height\":1280,\"caption\":\"Papel Offset 120g 250 Folhas\"},{\"@type\":\"BreadcrumbList\",\"@id\":\"https:\/\/carbopel.com.br\/distribuidora-de-papeis\/produto\/papel-offset-56g-a4-500-folhas\/#breadcrumb\",\"itemListElement\":[{\"@type\":\"ListItem\",\"position\":1,\"name\":\"In\u00edcio\",\"item\":\"https:\/\/carbopel.com.br\/distribuidora-de-papeis\/\"},{\"@type\":\"ListItem\",\"position\":2,\"name\":\"Loja virtual\",\"item\":\"https:\/\/carbopel.com.br\/distribuidora-de-papeis\/loja\/\"},{\"@type\":\"ListItem\",\"position\":3,\"name\":\"Papel Offset Sulfite 56g 500 Folhas\"}]},{\"@type\":\"WebSite\",\"@id\":\"https:\/\/carbopel.com.br\/distribuidora-de-papeis\/#website\",\"url\":\"https:\/\/carbopel.com.br\/distribuidora-de-papeis\/\",\"name\":\"Carbopel\",\"description\":\"Distribuidora e Fornecedora de Papel\",\"publisher\":{\"@id\":\"https:\/\/carbopel.com.br\/distribuidora-de-papeis\/#organization\"},\"potentialAction\":[{\"@type\":\"SearchAction\",\"target\":{\"@type\":\"EntryPoint\",\"urlTemplate\":\"https:\/\/carbopel.com.br\/distribuidora-de-papeis\/?s={search_term_string}\"},\"query-input\":{\"@type\":\"PropertyValueSpecification\",\"valueRequired\":true,\"valueName\":\"search_term_string\"}}],\"inLanguage\":\"pt-BR\"},{\"@type\":\"Organization\",\"@id\":\"https:\/\/carbopel.com.br\/distribuidora-de-papeis\/#organization\",\"name\":\"Carbopel - Distribuidora e Fornecedora de Papel\",\"url\":\"https:\/\/carbopel.com.br\/distribuidora-de-papeis\/\",\"logo\":{\"@type\":\"ImageObject\",\"inLanguage\":\"pt-BR\",\"@id\":\"https:\/\/carbopel.com.br\/distribuidora-de-papeis\/#\/schema\/logo\/image\/\",\"url\":\"https:\/\/carbopel.com.br\/distribuidora-de-papeis\/wp-content\/uploads\/2022\/06\/Carbopel-artes-9.png\",\"contentUrl\":\"https:\/\/carbopel.com.br\/distribuidora-de-papeis\/wp-content\/uploads\/2022\/06\/Carbopel-artes-9.png\",\"width\":1200,\"height\":1200,\"caption\":\"Carbopel - Distribuidora e Fornecedora de Papel\"},\"image\":{\"@id\":\"https:\/\/carbopel.com.br\/distribuidora-de-papeis\/#\/schema\/logo\/image\/\"},\"sameAs\":[\"https:\/\/www.facebook.com\/Carbopel-Papis-109545114125743\/\",\"https:\/\/www.instagram.com\/carbopel\/\"]}]}<\/script>\n<!-- \/ Yoast SEO plugin. -->","yoast_head_json":{"title":"Papel Offset Sulfite 56g 500 Folhas &#8226; Carbopel","description":"Compre Papel Offset Sulfite 56g 500 Folhas com o melhor pre\u00e7o e atendimento na Carbopel. Entrega em todo Brasil.","robots":{"index":"index","follow":"follow","max-snippet":"max-snippet:-1","max-image-preview":"max-image-preview:large","max-video-preview":"max-video-preview:-1"},"canonical":"https:\/\/carbopel.com.br\/distribuidora-de-papeis\/produto\/papel-offset-56g-a4-500-folhas\/","og_locale":"pt_BR","og_type":"article","og_title":"Papel Offset Sulfite 56g 500 Folhas &#8226; Carbopel","og_description":"Compre Papel Offset Sulfite 56g 500 Folhas com o melhor pre\u00e7o e atendimento na Carbopel. Entrega em todo Brasil.","og_url":"https:\/\/carbopel.com.br\/distribuidora-de-papeis\/produto\/papel-offset-56g-a4-500-folhas\/","og_site_name":"Carbopel","article_publisher":"https:\/\/www.facebook.com\/Carbopel-Papis-109545114125743\/","article_modified_time":"2026-02-20T19:52:59+00:00","og_image":[{"width":960,"height":1280,"url":"http:\/\/carbopel.com.br\/distribuidora-de-papeis\/wp-content\/uploads\/2020\/07\/OF-A4.jpg","type":"image\/jpeg"}],"twitter_card":"summary_large_image","schema":{"@context":"https:\/\/schema.org","@graph":[{"@type":"WebPage","@id":"https:\/\/carbopel.com.br\/distribuidora-de-papeis\/produto\/papel-offset-56g-a4-500-folhas\/","url":"https:\/\/carbopel.com.br\/distribuidora-de-papeis\/produto\/papel-offset-56g-a4-500-folhas\/","name":"Papel Offset Sulfite 56g 500 Folhas &#8226; Carbopel","isPartOf":{"@id":"https:\/\/carbopel.com.br\/distribuidora-de-papeis\/#website"},"primaryImageOfPage":{"@id":"https:\/\/carbopel.com.br\/distribuidora-de-papeis\/produto\/papel-offset-56g-a4-500-folhas\/#primaryimage"},"image":{"@id":"https:\/\/carbopel.com.br\/distribuidora-de-papeis\/produto\/papel-offset-56g-a4-500-folhas\/#primaryimage"},"thumbnailUrl":"https:\/\/carbopel.com.br\/distribuidora-de-papeis\/wp-content\/uploads\/2020\/07\/OF-A4.jpg","datePublished":"2020-06-26T13:08:36+00:00","dateModified":"2026-02-20T19:52:59+00:00","description":"Compre Papel Offset Sulfite 56g 500 Folhas com o melhor pre\u00e7o e atendimento na Carbopel. Entrega em todo Brasil.","breadcrumb":{"@id":"https:\/\/carbopel.com.br\/distribuidora-de-papeis\/produto\/papel-offset-56g-a4-500-folhas\/#breadcrumb"},"inLanguage":"pt-BR","potentialAction":[{"@type":"ReadAction","target":["https:\/\/carbopel.com.br\/distribuidora-de-papeis\/produto\/papel-offset-56g-a4-500-folhas\/"]}]},{"@type":"ImageObject","inLanguage":"pt-BR","@id":"https:\/\/carbopel.com.br\/distribuidora-de-papeis\/produto\/papel-offset-56g-a4-500-folhas\/#primaryimage","url":"https:\/\/carbopel.com.br\/distribuidora-de-papeis\/wp-content\/uploads\/2020\/07\/OF-A4.jpg","contentUrl":"https:\/\/carbopel.com.br\/distribuidora-de-papeis\/wp-content\/uploads\/2020\/07\/OF-A4.jpg","width":960,"height":1280,"caption":"Papel Offset 120g 250 Folhas"},{"@type":"BreadcrumbList","@id":"https:\/\/carbopel.com.br\/distribuidora-de-papeis\/produto\/papel-offset-56g-a4-500-folhas\/#breadcrumb","itemListElement":[{"@type":"ListItem","position":1,"name":"In\u00edcio","item":"https:\/\/carbopel.com.br\/distribuidora-de-papeis\/"},{"@type":"ListItem","position":2,"name":"Loja virtual","item":"https:\/\/carbopel.com.br\/distribuidora-de-papeis\/loja\/"},{"@type":"ListItem","position":3,"name":"Papel Offset Sulfite 56g 500 Folhas"}]},{"@type":"WebSite","@id":"https:\/\/carbopel.com.br\/distribuidora-de-papeis\/#website","url":"https:\/\/carbopel.com.br\/distribuidora-de-papeis\/","name":"Carbopel","description":"Distribuidora e Fornecedora de Papel","publisher":{"@id":"https:\/\/carbopel.com.br\/distribuidora-de-papeis\/#organization"},"potentialAction":[{"@type":"SearchAction","target":{"@type":"EntryPoint","urlTemplate":"https:\/\/carbopel.com.br\/distribuidora-de-papeis\/?s={search_term_string}"},"query-input":{"@type":"PropertyValueSpecification","valueRequired":true,"valueName":"search_term_string"}}],"inLanguage":"pt-BR"},{"@type":"Organization","@id":"https:\/\/carbopel.com.br\/distribuidora-de-papeis\/#organization","name":"Carbopel - Distribuidora e Fornecedora de Papel","url":"https:\/\/carbopel.com.br\/distribuidora-de-papeis\/","logo":{"@type":"ImageObject","inLanguage":"pt-BR","@id":"https:\/\/carbopel.com.br\/distribuidora-de-papeis\/#\/schema\/logo\/image\/","url":"https:\/\/carbopel.com.br\/distribuidora-de-papeis\/wp-content\/uploads\/2022\/06\/Carbopel-artes-9.png","contentUrl":"https:\/\/carbopel.com.br\/distribuidora-de-papeis\/wp-content\/uploads\/2022\/06\/Carbopel-artes-9.png","width":1200,"height":1200,"caption":"Carbopel - Distribuidora e Fornecedora de Papel"},"image":{"@id":"https:\/\/carbopel.com.br\/distribuidora-de-papeis\/#\/schema\/logo\/image\/"},"sameAs":["https:\/\/www.facebook.com\/Carbopel-Papis-109545114125743\/","https:\/\/www.instagram.com\/carbopel\/"]}]}},"_links":{"self":[{"href":"https:\/\/carbopel.com.br\/distribuidora-de-papeis\/wp-json\/wp\/v2\/product\/369","targetHints":{"allow":["GET"]}}],"collection":[{"href":"https:\/\/carbopel.com.br\/distribuidora-de-papeis\/wp-json\/wp\/v2\/product"}],"about":[{"href":"https:\/\/carbopel.com.br\/distribuidora-de-papeis\/wp-json\/wp\/v2\/types\/product"}],"replies":[{"embeddable":true,"href":"https:\/\/carbopel.com.br\/distribuidora-de-papeis\/wp-json\/wp\/v2\/comments?post=369"}],"wp:featuredmedia":[{"embeddable":true,"href":"https:\/\/carbopel.com.br\/distribuidora-de-papeis\/wp-json\/wp\/v2\/media\/818"}],"wp:attachment":[{"href":"https:\/\/carbopel.com.br\/distribuidora-de-papeis\/wp-json\/wp\/v2\/media?parent=369"}],"wp:term":[{"taxonomy":"product_brand","embeddable":true,"href":"https:\/\/carbopel.com.br\/distribuidora-de-papeis\/wp-json\/wp\/v2\/product_brand?post=369"},{"taxonomy":"product_cat","embeddable":true,"href":"https:\/\/carbopel.com.br\/distribuidora-de-papeis\/wp-json\/wp\/v2\/product_cat?post=369"},{"taxonomy":"product_tag","embeddable":true,"href":"https:\/\/carbopel.com.br\/distribuidora-de-papeis\/wp-json\/wp\/v2\/product_tag?post=369"}],"curies":[{"name":"wp","href":"https:\/\/api.w.org\/{rel}","templated":true}]}}