{"id":704,"date":"2020-07-24T09:59:58","date_gmt":"2020-07-24T12:59:58","guid":{"rendered":"https:\/\/carbopel.com.br\/distribuidora-de-papeis\/?page_id=704"},"modified":"2022-06-27T18:07:03","modified_gmt":"2022-06-27T21:07:03","slug":"papel-cartao-ag","status":"publish","type":"page","link":"https:\/\/carbopel.com.br\/distribuidora-de-papeis\/grandes-quantidades\/papel-cartao-ag\/","title":{"rendered":"Papel Cart\u00e3o AG"},"content":{"rendered":"<div class=\"container section-title-container\" ><h3 class=\"section-title section-title-center\"><b><\/b><span class=\"section-title-main\" >PAPEL CART\u00c3O AG<\/span><b><\/b><\/h3><\/div>\n<div class=\"row\"  id=\"row-1532961382\">\n\n\t<div id=\"col-1444783885\" class=\"col medium-6 small-12 large-6\"  >\n\t\t<div class=\"col-inner\"  >\n\t\t\t\n\t\t\t\n\n  <div class=\"banner has-hover\" id=\"banner-565063368\">\n          <div class=\"banner-inner fill\">\n        <div class=\"banner-bg fill\" >\n            <div class=\"bg fill bg-fill \"><\/div>\n                                    \n                    <\/div>\n        <div class=\"banner-layers container\">\n            <div class=\"fill banner-link\"><\/div>            \n        <\/div>\n      <\/div>\n\n            \n<style>\n#banner-565063368 {\n  padding-top: 99.99%;\n}\n#banner-565063368 .bg.bg-loaded {\n  background-image: url(https:\/\/carbopel.com.br\/distribuidora-de-papeis\/wp-content\/uploads\/2020\/06\/ag.jpg);\n}\n<\/style>\n  <\/div>\n\n\n\t\t<\/div>\n\t\t\t<\/div>\n\n\t\n\n\t<div id=\"col-483601909\" class=\"col medium-6 small-12 large-6\"  >\n\t\t<div class=\"col-inner\"  >\n\t\t\t\n\t\t\t\n<p>Utiliza\u00e7\u00e3o : capa e \u00a0contra capa de \u00a0blocos impressos de \u00a0malas \u00a0direta\/ servi\u00e7os gr\u00e1ficas sem impress\u00e3o de fotos<\/p>\n<p>Nas cores : azul,verde , rosa , amarelo<\/p>\n<p>apresenta\u00e7\u00e3o: 66&#215;96 mm. 90gr.<\/p>\n\t\t<\/div>\n\t\t\t<\/div>\n\n\t\n\n\t<div id=\"col-2094160125\" class=\"col small-12 large-12\"  >\n\t\t<div class=\"col-inner\"  >\n\t\t\t\n\t\t\t\n<div class=\"message-box relative dark\" style=\"padding-top:15px;padding-bottom:15px;\"><div class=\"message-box-bg-image bg-fill fill\" ><\/div><div class=\"message-box-bg-overlay bg-fill fill\" style=\"background-color:rgb(247, 0, 0);\"><\/div><div class=\"container relative\"><div class=\"inner last-reset\">\n\n<div class=\"row align-middle align-center\"  id=\"row-1821547704\">\n\n\n\t<div id=\"col-1293954923\" class=\"col medium-9 small-12 large-9\"  >\n\t\t<div class=\"col-inner\"  >\n\t\t\t\n\t\t\t\n\n<p style=\"text-align: center;\"><strong>FORMATO\u00a0 GRANDE,\u00a0 SOLICITE UM OR\u00c7AMENTO<\/strong><\/p>\n\n\t\t<\/div>\n\t\t\t<\/div>\n\n\t\n\n\t<div id=\"col-190524387\" class=\"col medium-3 small-12 large-3\"  >\n\t\t<div class=\"col-inner text-center\"  >\n\t\t\t\n\t\t\t\n\n<a href=\"https:\/\/api.whatsapp.com\/send?phone=551120970748&#038;text=Orcamento\" target=\"_self\" class=\"button white is-outline lowercase\"  style=\"border-radius:99px;\">\n  <i class=\"icon-phone\" ><\/i>  <span>Whatsapp<\/span>\n  <\/a>\n\n\n\n\t\t<\/div>\n\t\t\t<\/div>\n\n\t\n\n<\/div>\n\n<\/div><\/div><\/div>\n\t\t<\/div>\n\t\t\t<\/div>\n\n\t\n<\/div>\n","protected":false},"excerpt":{"rendered":"","protected":false},"author":1,"featured_media":0,"parent":682,"menu_order":0,"comment_status":"closed","ping_status":"closed","template":"page-blank.php","meta":{"footnotes":""},"class_list":["post-704","page","type-page","status-publish","hentry"],"yoast_head":"<!-- This site is optimized with the Yoast SEO plugin v24.5 - https:\/\/yoast.com\/wordpress\/plugins\/seo\/ -->\n<title>Papel Cart\u00e3o AG &#8226; Carbopel &#8226; Distribuidora e Fornecedora de Pap\u00e9is<\/title>\n<meta name=\"description\" content=\"O papel cart\u00e3o AG \u00e9 utilizado em capa e contra capa de blocos impressos, malas direta e servi\u00e7os gr\u00e1ficos sem impress\u00e3o de fotos.\" \/>\n<meta name=\"robots\" content=\"index, follow, max-snippet:-1, max-image-preview:large, max-video-preview:-1\" \/>\n<link rel=\"canonical\" href=\"https:\/\/carbopel.com.br\/distribuidora-de-papeis\/grandes-quantidades\/papel-cartao-ag\/\" \/>\n<meta property=\"og:locale\" content=\"pt_BR\" \/>\n<meta property=\"og:type\" content=\"article\" \/>\n<meta property=\"og:title\" content=\"Papel Cart\u00e3o AG &#8226; Carbopel &#8226; Distribuidora e Fornecedora de Pap\u00e9is\" \/>\n<meta property=\"og:description\" content=\"O papel cart\u00e3o AG \u00e9 utilizado em capa e contra capa de blocos impressos, malas direta e servi\u00e7os gr\u00e1ficos sem impress\u00e3o de fotos.\" \/>\n<meta property=\"og:url\" content=\"https:\/\/carbopel.com.br\/distribuidora-de-papeis\/grandes-quantidades\/papel-cartao-ag\/\" \/>\n<meta property=\"og:site_name\" content=\"Carbopel\" \/>\n<meta property=\"article:publisher\" content=\"https:\/\/www.facebook.com\/Carbopel-Papis-109545114125743\/\" \/>\n<meta property=\"article:modified_time\" content=\"2022-06-27T21:07:03+00:00\" \/>\n<meta property=\"og:image\" content=\"https:\/\/carbopel.com.br\/distribuidora-de-papeis\/wp-content\/uploads\/2022\/06\/Carbopel-artes-9.png\" \/>\n\t<meta property=\"og:image:width\" content=\"1200\" \/>\n\t<meta property=\"og:image:height\" content=\"1200\" \/>\n\t<meta property=\"og:image:type\" content=\"image\/png\" \/>\n<meta name=\"twitter:card\" content=\"summary_large_image\" \/>\n<script type=\"application\/ld+json\" class=\"yoast-schema-graph\">{\"@context\":\"https:\/\/schema.org\",\"@graph\":[{\"@type\":\"WebPage\",\"@id\":\"https:\/\/carbopel.com.br\/distribuidora-de-papeis\/grandes-quantidades\/papel-cartao-ag\/\",\"url\":\"https:\/\/carbopel.com.br\/distribuidora-de-papeis\/grandes-quantidades\/papel-cartao-ag\/\",\"name\":\"Papel Cart\u00e3o AG &#8226; Carbopel &#8226; Distribuidora e Fornecedora de Pap\u00e9is\",\"isPartOf\":{\"@id\":\"https:\/\/carbopel.com.br\/distribuidora-de-papeis\/#website\"},\"datePublished\":\"2020-07-24T12:59:58+00:00\",\"dateModified\":\"2022-06-27T21:07:03+00:00\",\"description\":\"O papel cart\u00e3o AG \u00e9 utilizado em capa e contra capa de blocos impressos, malas direta e servi\u00e7os gr\u00e1ficos sem impress\u00e3o de fotos.\",\"breadcrumb\":{\"@id\":\"https:\/\/carbopel.com.br\/distribuidora-de-papeis\/grandes-quantidades\/papel-cartao-ag\/#breadcrumb\"},\"inLanguage\":\"pt-BR\",\"potentialAction\":[{\"@type\":\"ReadAction\",\"target\":[\"https:\/\/carbopel.com.br\/distribuidora-de-papeis\/grandes-quantidades\/papel-cartao-ag\/\"]}]},{\"@type\":\"BreadcrumbList\",\"@id\":\"https:\/\/carbopel.com.br\/distribuidora-de-papeis\/grandes-quantidades\/papel-cartao-ag\/#breadcrumb\",\"itemListElement\":[{\"@type\":\"ListItem\",\"position\":1,\"name\":\"In\u00edcio\",\"item\":\"https:\/\/carbopel.com.br\/distribuidora-de-papeis\/\"},{\"@type\":\"ListItem\",\"position\":2,\"name\":\"Grandes Quantidades\",\"item\":\"https:\/\/carbopel.com.br\/distribuidora-de-papeis\/grandes-quantidades\/\"},{\"@type\":\"ListItem\",\"position\":3,\"name\":\"Papel Cart\u00e3o AG\"}]},{\"@type\":\"WebSite\",\"@id\":\"https:\/\/carbopel.com.br\/distribuidora-de-papeis\/#website\",\"url\":\"https:\/\/carbopel.com.br\/distribuidora-de-papeis\/\",\"name\":\"Carbopel\",\"description\":\"Distribuidora e Fornecedora de Papel\",\"publisher\":{\"@id\":\"https:\/\/carbopel.com.br\/distribuidora-de-papeis\/#organization\"},\"potentialAction\":[{\"@type\":\"SearchAction\",\"target\":{\"@type\":\"EntryPoint\",\"urlTemplate\":\"https:\/\/carbopel.com.br\/distribuidora-de-papeis\/?s={search_term_string}\"},\"query-input\":{\"@type\":\"PropertyValueSpecification\",\"valueRequired\":true,\"valueName\":\"search_term_string\"}}],\"inLanguage\":\"pt-BR\"},{\"@type\":\"Organization\",\"@id\":\"https:\/\/carbopel.com.br\/distribuidora-de-papeis\/#organization\",\"name\":\"Carbopel - Distribuidora e Fornecedora de Papel\",\"url\":\"https:\/\/carbopel.com.br\/distribuidora-de-papeis\/\",\"logo\":{\"@type\":\"ImageObject\",\"inLanguage\":\"pt-BR\",\"@id\":\"https:\/\/carbopel.com.br\/distribuidora-de-papeis\/#\/schema\/logo\/image\/\",\"url\":\"https:\/\/carbopel.com.br\/distribuidora-de-papeis\/wp-content\/uploads\/2022\/06\/Carbopel-artes-9.png\",\"contentUrl\":\"https:\/\/carbopel.com.br\/distribuidora-de-papeis\/wp-content\/uploads\/2022\/06\/Carbopel-artes-9.png\",\"width\":1200,\"height\":1200,\"caption\":\"Carbopel - Distribuidora e Fornecedora de Papel\"},\"image\":{\"@id\":\"https:\/\/carbopel.com.br\/distribuidora-de-papeis\/#\/schema\/logo\/image\/\"},\"sameAs\":[\"https:\/\/www.facebook.com\/Carbopel-Papis-109545114125743\/\",\"https:\/\/www.instagram.com\/carbopel\/\"]}]}<\/script>\n<!-- \/ Yoast SEO plugin. -->","yoast_head_json":{"title":"Papel Cart\u00e3o AG &#8226; Carbopel &#8226; Distribuidora e Fornecedora de Pap\u00e9is","description":"O papel cart\u00e3o AG \u00e9 utilizado em capa e contra capa de blocos impressos, malas direta e servi\u00e7os gr\u00e1ficos sem impress\u00e3o de fotos.","robots":{"index":"index","follow":"follow","max-snippet":"max-snippet:-1","max-image-preview":"max-image-preview:large","max-video-preview":"max-video-preview:-1"},"canonical":"https:\/\/carbopel.com.br\/distribuidora-de-papeis\/grandes-quantidades\/papel-cartao-ag\/","og_locale":"pt_BR","og_type":"article","og_title":"Papel Cart\u00e3o AG &#8226; Carbopel &#8226; Distribuidora e Fornecedora de Pap\u00e9is","og_description":"O papel cart\u00e3o AG \u00e9 utilizado em capa e contra capa de blocos impressos, malas direta e servi\u00e7os gr\u00e1ficos sem impress\u00e3o de fotos.","og_url":"https:\/\/carbopel.com.br\/distribuidora-de-papeis\/grandes-quantidades\/papel-cartao-ag\/","og_site_name":"Carbopel","article_publisher":"https:\/\/www.facebook.com\/Carbopel-Papis-109545114125743\/","article_modified_time":"2022-06-27T21:07:03+00:00","og_image":[{"width":1200,"height":1200,"url":"https:\/\/carbopel.com.br\/distribuidora-de-papeis\/wp-content\/uploads\/2022\/06\/Carbopel-artes-9.png","type":"image\/png"}],"twitter_card":"summary_large_image","schema":{"@context":"https:\/\/schema.org","@graph":[{"@type":"WebPage","@id":"https:\/\/carbopel.com.br\/distribuidora-de-papeis\/grandes-quantidades\/papel-cartao-ag\/","url":"https:\/\/carbopel.com.br\/distribuidora-de-papeis\/grandes-quantidades\/papel-cartao-ag\/","name":"Papel Cart\u00e3o AG &#8226; Carbopel &#8226; Distribuidora e Fornecedora de Pap\u00e9is","isPartOf":{"@id":"https:\/\/carbopel.com.br\/distribuidora-de-papeis\/#website"},"datePublished":"2020-07-24T12:59:58+00:00","dateModified":"2022-06-27T21:07:03+00:00","description":"O papel cart\u00e3o AG \u00e9 utilizado em capa e contra capa de blocos impressos, malas direta e servi\u00e7os gr\u00e1ficos sem impress\u00e3o de fotos.","breadcrumb":{"@id":"https:\/\/carbopel.com.br\/distribuidora-de-papeis\/grandes-quantidades\/papel-cartao-ag\/#breadcrumb"},"inLanguage":"pt-BR","potentialAction":[{"@type":"ReadAction","target":["https:\/\/carbopel.com.br\/distribuidora-de-papeis\/grandes-quantidades\/papel-cartao-ag\/"]}]},{"@type":"BreadcrumbList","@id":"https:\/\/carbopel.com.br\/distribuidora-de-papeis\/grandes-quantidades\/papel-cartao-ag\/#breadcrumb","itemListElement":[{"@type":"ListItem","position":1,"name":"In\u00edcio","item":"https:\/\/carbopel.com.br\/distribuidora-de-papeis\/"},{"@type":"ListItem","position":2,"name":"Grandes Quantidades","item":"https:\/\/carbopel.com.br\/distribuidora-de-papeis\/grandes-quantidades\/"},{"@type":"ListItem","position":3,"name":"Papel Cart\u00e3o AG"}]},{"@type":"WebSite","@id":"https:\/\/carbopel.com.br\/distribuidora-de-papeis\/#website","url":"https:\/\/carbopel.com.br\/distribuidora-de-papeis\/","name":"Carbopel","description":"Distribuidora e Fornecedora de Papel","publisher":{"@id":"https:\/\/carbopel.com.br\/distribuidora-de-papeis\/#organization"},"potentialAction":[{"@type":"SearchAction","target":{"@type":"EntryPoint","urlTemplate":"https:\/\/carbopel.com.br\/distribuidora-de-papeis\/?s={search_term_string}"},"query-input":{"@type":"PropertyValueSpecification","valueRequired":true,"valueName":"search_term_string"}}],"inLanguage":"pt-BR"},{"@type":"Organization","@id":"https:\/\/carbopel.com.br\/distribuidora-de-papeis\/#organization","name":"Carbopel - Distribuidora e Fornecedora de Papel","url":"https:\/\/carbopel.com.br\/distribuidora-de-papeis\/","logo":{"@type":"ImageObject","inLanguage":"pt-BR","@id":"https:\/\/carbopel.com.br\/distribuidora-de-papeis\/#\/schema\/logo\/image\/","url":"https:\/\/carbopel.com.br\/distribuidora-de-papeis\/wp-content\/uploads\/2022\/06\/Carbopel-artes-9.png","contentUrl":"https:\/\/carbopel.com.br\/distribuidora-de-papeis\/wp-content\/uploads\/2022\/06\/Carbopel-artes-9.png","width":1200,"height":1200,"caption":"Carbopel - Distribuidora e Fornecedora de Papel"},"image":{"@id":"https:\/\/carbopel.com.br\/distribuidora-de-papeis\/#\/schema\/logo\/image\/"},"sameAs":["https:\/\/www.facebook.com\/Carbopel-Papis-109545114125743\/","https:\/\/www.instagram.com\/carbopel\/"]}]}},"_links":{"self":[{"href":"https:\/\/carbopel.com.br\/distribuidora-de-papeis\/wp-json\/wp\/v2\/pages\/704","targetHints":{"allow":["GET"]}}],"collection":[{"href":"https:\/\/carbopel.com.br\/distribuidora-de-papeis\/wp-json\/wp\/v2\/pages"}],"about":[{"href":"https:\/\/carbopel.com.br\/distribuidora-de-papeis\/wp-json\/wp\/v2\/types\/page"}],"author":[{"embeddable":true,"href":"https:\/\/carbopel.com.br\/distribuidora-de-papeis\/wp-json\/wp\/v2\/users\/1"}],"replies":[{"embeddable":true,"href":"https:\/\/carbopel.com.br\/distribuidora-de-papeis\/wp-json\/wp\/v2\/comments?post=704"}],"version-history":[{"count":5,"href":"https:\/\/carbopel.com.br\/distribuidora-de-papeis\/wp-json\/wp\/v2\/pages\/704\/revisions"}],"predecessor-version":[{"id":2472,"href":"https:\/\/carbopel.com.br\/distribuidora-de-papeis\/wp-json\/wp\/v2\/pages\/704\/revisions\/2472"}],"up":[{"embeddable":true,"href":"https:\/\/carbopel.com.br\/distribuidora-de-papeis\/wp-json\/wp\/v2\/pages\/682"}],"wp:attachment":[{"href":"https:\/\/carbopel.com.br\/distribuidora-de-papeis\/wp-json\/wp\/v2\/media?parent=704"}],"curies":[{"name":"wp","href":"https:\/\/api.w.org\/{rel}","templated":true}]}}