{"id":688,"date":"2020-07-24T09:57:52","date_gmt":"2020-07-24T12:57:52","guid":{"rendered":"https:\/\/carbopel.com.br\/distribuidora-de-papeis\/?page_id=688"},"modified":"2022-06-27T18:04:23","modified_gmt":"2022-06-27T21:04:23","slug":"papel-couche","status":"publish","type":"page","link":"https:\/\/carbopel.com.br\/distribuidora-de-papeis\/grandes-quantidades\/papel-couche\/","title":{"rendered":"Papel Couch\u00ea"},"content":{"rendered":"<div class=\"container section-title-container\" ><h3 class=\"section-title section-title-center\"><b><\/b><span class=\"section-title-main\" >PAPEL COUCH\u00ca<\/span><b><\/b><\/h3><\/div>\n<div class=\"row\"  id=\"row-265193859\">\n\n\t<div id=\"col-894716008\" class=\"col medium-6 small-12 large-6\"  >\n\t\t<div class=\"col-inner\"  >\n\t\t\t\n\t\t\t\n\n  <div class=\"banner has-hover\" id=\"banner-503739951\">\n          <div class=\"banner-inner fill\">\n        <div class=\"banner-bg fill\" >\n            <div class=\"bg fill bg-fill \"><\/div>\n                                    \n                    <\/div>\n        <div class=\"banner-layers container\">\n            <div class=\"fill banner-link\"><\/div>            \n        <\/div>\n      <\/div>\n\n            \n<style>\n#banner-503739951 {\n  padding-top: 99.99%;\n}\n#banner-503739951 .bg.bg-loaded {\n  background-image: url(https:\/\/carbopel.com.br\/distribuidora-de-papeis\/wp-content\/uploads\/2020\/06\/couche.jpg);\n}\n<\/style>\n  <\/div>\n\n\n\t\t<\/div>\n\t\t\t<\/div>\n\n\t\n\n\t<div id=\"col-1614664308\" class=\"col medium-6 small-12 large-6\"  >\n\t\t<div class=\"col-inner\"  >\n\t\t\t\n\t\t\t\n<p>Suas caracter\u00edsticas b\u00e1sicas s\u00e3o o brilho e a lisura de suas folhas. Outra caracter\u00edstica marcante \u00e9 a sua microporosidade, ou seja, quando a tinta \u00e9 depositada permanece na superf\u00edcie do papel, garantindo assim cores mais vivas no impresso. Esse papel \u00e9 muito utilizado pelo mercado para fazer folhetos, volantes, malas-diretas, cartazes, revistas, enfim, uma variedade de materiais promocionais, de publicidade e t\u00e9cnicos que exigem qualidade e brilho.<\/p>\n<p>Couch\u00ea Brilhante &#8211; Couch\u00ea Fosco:<\/p>\n<p>&#8211; Gramaturas: 115gr,150gr,170gr, 250gr,300gr 350gr.<\/p>\n\t\t<\/div>\n\t\t\t<\/div>\n\n\t\n\n\t<div id=\"col-1653120248\" class=\"col small-12 large-12\"  >\n\t\t<div class=\"col-inner\"  >\n\t\t\t\n\t\t\t\n<div class=\"message-box relative dark\" style=\"padding-top:15px;padding-bottom:15px;\"><div class=\"message-box-bg-image bg-fill fill\" ><\/div><div class=\"message-box-bg-overlay bg-fill fill\" style=\"background-color:rgb(247, 0, 0);\"><\/div><div class=\"container relative\"><div class=\"inner last-reset\">\n\n<div class=\"row align-middle align-center\"  id=\"row-1699330832\">\n\n\n\t<div id=\"col-1091040313\" class=\"col medium-9 small-12 large-9\"  >\n\t\t<div class=\"col-inner\"  >\n\t\t\t\n\t\t\t\n\n<p style=\"text-align: center;\"><strong>FORMATO\u00a0 GRANDE,\u00a0 SOLICITE UM OR\u00c7AMENTO<\/strong><\/p>\n\n\t\t<\/div>\n\t\t\t<\/div>\n\n\t\n\n\t<div id=\"col-168285984\" class=\"col medium-3 small-12 large-3\"  >\n\t\t<div class=\"col-inner text-center\"  >\n\t\t\t\n\t\t\t\n\n<a href=\"https:\/\/api.whatsapp.com\/send?phone=551120970748&#038;text=Orcamento\" target=\"_self\" class=\"button white is-outline lowercase\"  style=\"border-radius:99px;\">\n  <i class=\"icon-phone\" ><\/i>  <span>Whatsapp<\/span>\n  <\/a>\n\n\n\n\t\t<\/div>\n\t\t\t<\/div>\n\n\t\n\n<\/div>\n\n<\/div><\/div><\/div>\n\t\t<\/div>\n\t\t\t<\/div>\n\n\t\n<\/div>\n","protected":false},"excerpt":{"rendered":"","protected":false},"author":1,"featured_media":0,"parent":682,"menu_order":0,"comment_status":"closed","ping_status":"closed","template":"","meta":{"footnotes":""},"class_list":["post-688","page","type-page","status-publish","hentry"],"yoast_head":"<!-- This site is optimized with the Yoast SEO plugin v24.5 - https:\/\/yoast.com\/wordpress\/plugins\/seo\/ -->\n<title>Papel Couch\u00ea &#8226; Carbopel &#8226; Distribuidora e Fornecedora de Pap\u00e9is<\/title>\n<meta name=\"description\" content=\"O papel couch\u00ea tem como caracter\u00edsticas b\u00e1sicas o brilho, lisura de suas folhas, e sua microporosidade, ou seja, a tinta permanece na superf\u00edcie, garantindo cores mais vivas.\" \/>\n<meta name=\"robots\" content=\"index, follow, max-snippet:-1, max-image-preview:large, max-video-preview:-1\" \/>\n<link rel=\"canonical\" href=\"https:\/\/carbopel.com.br\/distribuidora-de-papeis\/grandes-quantidades\/papel-couche\/\" \/>\n<meta property=\"og:locale\" content=\"pt_BR\" \/>\n<meta property=\"og:type\" content=\"article\" \/>\n<meta property=\"og:title\" content=\"Papel Couch\u00ea &#8226; Carbopel &#8226; Distribuidora e Fornecedora de Pap\u00e9is\" \/>\n<meta property=\"og:description\" content=\"O papel couch\u00ea tem como caracter\u00edsticas b\u00e1sicas o brilho, lisura de suas folhas, e sua microporosidade, ou seja, a tinta permanece na superf\u00edcie, garantindo cores mais vivas.\" \/>\n<meta property=\"og:url\" content=\"https:\/\/carbopel.com.br\/distribuidora-de-papeis\/grandes-quantidades\/papel-couche\/\" \/>\n<meta property=\"og:site_name\" content=\"Carbopel\" \/>\n<meta property=\"article:publisher\" content=\"https:\/\/www.facebook.com\/Carbopel-Papis-109545114125743\/\" \/>\n<meta property=\"article:modified_time\" content=\"2022-06-27T21:04:23+00:00\" \/>\n<meta property=\"og:image\" content=\"https:\/\/carbopel.com.br\/distribuidora-de-papeis\/wp-content\/uploads\/2022\/06\/Carbopel-artes-9.png\" \/>\n\t<meta property=\"og:image:width\" content=\"1200\" \/>\n\t<meta property=\"og:image:height\" content=\"1200\" \/>\n\t<meta property=\"og:image:type\" content=\"image\/png\" \/>\n<meta name=\"twitter:card\" content=\"summary_large_image\" \/>\n<meta name=\"twitter:label1\" content=\"Est. tempo de leitura\" \/>\n\t<meta name=\"twitter:data1\" content=\"1 minuto\" \/>\n<script type=\"application\/ld+json\" class=\"yoast-schema-graph\">{\"@context\":\"https:\/\/schema.org\",\"@graph\":[{\"@type\":\"WebPage\",\"@id\":\"https:\/\/carbopel.com.br\/distribuidora-de-papeis\/grandes-quantidades\/papel-couche\/\",\"url\":\"https:\/\/carbopel.com.br\/distribuidora-de-papeis\/grandes-quantidades\/papel-couche\/\",\"name\":\"Papel Couch\u00ea &#8226; Carbopel &#8226; Distribuidora e Fornecedora de Pap\u00e9is\",\"isPartOf\":{\"@id\":\"https:\/\/carbopel.com.br\/distribuidora-de-papeis\/#website\"},\"datePublished\":\"2020-07-24T12:57:52+00:00\",\"dateModified\":\"2022-06-27T21:04:23+00:00\",\"description\":\"O papel couch\u00ea tem como caracter\u00edsticas b\u00e1sicas o brilho, lisura de suas folhas, e sua microporosidade, ou seja, a tinta permanece na superf\u00edcie, garantindo cores mais vivas.\",\"breadcrumb\":{\"@id\":\"https:\/\/carbopel.com.br\/distribuidora-de-papeis\/grandes-quantidades\/papel-couche\/#breadcrumb\"},\"inLanguage\":\"pt-BR\",\"potentialAction\":[{\"@type\":\"ReadAction\",\"target\":[\"https:\/\/carbopel.com.br\/distribuidora-de-papeis\/grandes-quantidades\/papel-couche\/\"]}]},{\"@type\":\"BreadcrumbList\",\"@id\":\"https:\/\/carbopel.com.br\/distribuidora-de-papeis\/grandes-quantidades\/papel-couche\/#breadcrumb\",\"itemListElement\":[{\"@type\":\"ListItem\",\"position\":1,\"name\":\"In\u00edcio\",\"item\":\"https:\/\/carbopel.com.br\/distribuidora-de-papeis\/\"},{\"@type\":\"ListItem\",\"position\":2,\"name\":\"Grandes Quantidades\",\"item\":\"https:\/\/carbopel.com.br\/distribuidora-de-papeis\/grandes-quantidades\/\"},{\"@type\":\"ListItem\",\"position\":3,\"name\":\"Papel Couch\u00ea\"}]},{\"@type\":\"WebSite\",\"@id\":\"https:\/\/carbopel.com.br\/distribuidora-de-papeis\/#website\",\"url\":\"https:\/\/carbopel.com.br\/distribuidora-de-papeis\/\",\"name\":\"Carbopel\",\"description\":\"Distribuidora e Fornecedora de Papel\",\"publisher\":{\"@id\":\"https:\/\/carbopel.com.br\/distribuidora-de-papeis\/#organization\"},\"potentialAction\":[{\"@type\":\"SearchAction\",\"target\":{\"@type\":\"EntryPoint\",\"urlTemplate\":\"https:\/\/carbopel.com.br\/distribuidora-de-papeis\/?s={search_term_string}\"},\"query-input\":{\"@type\":\"PropertyValueSpecification\",\"valueRequired\":true,\"valueName\":\"search_term_string\"}}],\"inLanguage\":\"pt-BR\"},{\"@type\":\"Organization\",\"@id\":\"https:\/\/carbopel.com.br\/distribuidora-de-papeis\/#organization\",\"name\":\"Carbopel - Distribuidora e Fornecedora de Papel\",\"url\":\"https:\/\/carbopel.com.br\/distribuidora-de-papeis\/\",\"logo\":{\"@type\":\"ImageObject\",\"inLanguage\":\"pt-BR\",\"@id\":\"https:\/\/carbopel.com.br\/distribuidora-de-papeis\/#\/schema\/logo\/image\/\",\"url\":\"https:\/\/carbopel.com.br\/distribuidora-de-papeis\/wp-content\/uploads\/2022\/06\/Carbopel-artes-9.png\",\"contentUrl\":\"https:\/\/carbopel.com.br\/distribuidora-de-papeis\/wp-content\/uploads\/2022\/06\/Carbopel-artes-9.png\",\"width\":1200,\"height\":1200,\"caption\":\"Carbopel - Distribuidora e Fornecedora de Papel\"},\"image\":{\"@id\":\"https:\/\/carbopel.com.br\/distribuidora-de-papeis\/#\/schema\/logo\/image\/\"},\"sameAs\":[\"https:\/\/www.facebook.com\/Carbopel-Papis-109545114125743\/\",\"https:\/\/www.instagram.com\/carbopel\/\"]}]}<\/script>\n<!-- \/ Yoast SEO plugin. -->","yoast_head_json":{"title":"Papel Couch\u00ea &#8226; Carbopel &#8226; Distribuidora e Fornecedora de Pap\u00e9is","description":"O papel couch\u00ea tem como caracter\u00edsticas b\u00e1sicas o brilho, lisura de suas folhas, e sua microporosidade, ou seja, a tinta permanece na superf\u00edcie, garantindo cores mais vivas.","robots":{"index":"index","follow":"follow","max-snippet":"max-snippet:-1","max-image-preview":"max-image-preview:large","max-video-preview":"max-video-preview:-1"},"canonical":"https:\/\/carbopel.com.br\/distribuidora-de-papeis\/grandes-quantidades\/papel-couche\/","og_locale":"pt_BR","og_type":"article","og_title":"Papel Couch\u00ea &#8226; Carbopel &#8226; Distribuidora e Fornecedora de Pap\u00e9is","og_description":"O papel couch\u00ea tem como caracter\u00edsticas b\u00e1sicas o brilho, lisura de suas folhas, e sua microporosidade, ou seja, a tinta permanece na superf\u00edcie, garantindo cores mais vivas.","og_url":"https:\/\/carbopel.com.br\/distribuidora-de-papeis\/grandes-quantidades\/papel-couche\/","og_site_name":"Carbopel","article_publisher":"https:\/\/www.facebook.com\/Carbopel-Papis-109545114125743\/","article_modified_time":"2022-06-27T21:04:23+00:00","og_image":[{"width":1200,"height":1200,"url":"https:\/\/carbopel.com.br\/distribuidora-de-papeis\/wp-content\/uploads\/2022\/06\/Carbopel-artes-9.png","type":"image\/png"}],"twitter_card":"summary_large_image","twitter_misc":{"Est. tempo de leitura":"1 minuto"},"schema":{"@context":"https:\/\/schema.org","@graph":[{"@type":"WebPage","@id":"https:\/\/carbopel.com.br\/distribuidora-de-papeis\/grandes-quantidades\/papel-couche\/","url":"https:\/\/carbopel.com.br\/distribuidora-de-papeis\/grandes-quantidades\/papel-couche\/","name":"Papel Couch\u00ea &#8226; Carbopel &#8226; Distribuidora e Fornecedora de Pap\u00e9is","isPartOf":{"@id":"https:\/\/carbopel.com.br\/distribuidora-de-papeis\/#website"},"datePublished":"2020-07-24T12:57:52+00:00","dateModified":"2022-06-27T21:04:23+00:00","description":"O papel couch\u00ea tem como caracter\u00edsticas b\u00e1sicas o brilho, lisura de suas folhas, e sua microporosidade, ou seja, a tinta permanece na superf\u00edcie, garantindo cores mais vivas.","breadcrumb":{"@id":"https:\/\/carbopel.com.br\/distribuidora-de-papeis\/grandes-quantidades\/papel-couche\/#breadcrumb"},"inLanguage":"pt-BR","potentialAction":[{"@type":"ReadAction","target":["https:\/\/carbopel.com.br\/distribuidora-de-papeis\/grandes-quantidades\/papel-couche\/"]}]},{"@type":"BreadcrumbList","@id":"https:\/\/carbopel.com.br\/distribuidora-de-papeis\/grandes-quantidades\/papel-couche\/#breadcrumb","itemListElement":[{"@type":"ListItem","position":1,"name":"In\u00edcio","item":"https:\/\/carbopel.com.br\/distribuidora-de-papeis\/"},{"@type":"ListItem","position":2,"name":"Grandes Quantidades","item":"https:\/\/carbopel.com.br\/distribuidora-de-papeis\/grandes-quantidades\/"},{"@type":"ListItem","position":3,"name":"Papel Couch\u00ea"}]},{"@type":"WebSite","@id":"https:\/\/carbopel.com.br\/distribuidora-de-papeis\/#website","url":"https:\/\/carbopel.com.br\/distribuidora-de-papeis\/","name":"Carbopel","description":"Distribuidora e Fornecedora de Papel","publisher":{"@id":"https:\/\/carbopel.com.br\/distribuidora-de-papeis\/#organization"},"potentialAction":[{"@type":"SearchAction","target":{"@type":"EntryPoint","urlTemplate":"https:\/\/carbopel.com.br\/distribuidora-de-papeis\/?s={search_term_string}"},"query-input":{"@type":"PropertyValueSpecification","valueRequired":true,"valueName":"search_term_string"}}],"inLanguage":"pt-BR"},{"@type":"Organization","@id":"https:\/\/carbopel.com.br\/distribuidora-de-papeis\/#organization","name":"Carbopel - Distribuidora e Fornecedora de Papel","url":"https:\/\/carbopel.com.br\/distribuidora-de-papeis\/","logo":{"@type":"ImageObject","inLanguage":"pt-BR","@id":"https:\/\/carbopel.com.br\/distribuidora-de-papeis\/#\/schema\/logo\/image\/","url":"https:\/\/carbopel.com.br\/distribuidora-de-papeis\/wp-content\/uploads\/2022\/06\/Carbopel-artes-9.png","contentUrl":"https:\/\/carbopel.com.br\/distribuidora-de-papeis\/wp-content\/uploads\/2022\/06\/Carbopel-artes-9.png","width":1200,"height":1200,"caption":"Carbopel - Distribuidora e Fornecedora de Papel"},"image":{"@id":"https:\/\/carbopel.com.br\/distribuidora-de-papeis\/#\/schema\/logo\/image\/"},"sameAs":["https:\/\/www.facebook.com\/Carbopel-Papis-109545114125743\/","https:\/\/www.instagram.com\/carbopel\/"]}]}},"_links":{"self":[{"href":"https:\/\/carbopel.com.br\/distribuidora-de-papeis\/wp-json\/wp\/v2\/pages\/688","targetHints":{"allow":["GET"]}}],"collection":[{"href":"https:\/\/carbopel.com.br\/distribuidora-de-papeis\/wp-json\/wp\/v2\/pages"}],"about":[{"href":"https:\/\/carbopel.com.br\/distribuidora-de-papeis\/wp-json\/wp\/v2\/types\/page"}],"author":[{"embeddable":true,"href":"https:\/\/carbopel.com.br\/distribuidora-de-papeis\/wp-json\/wp\/v2\/users\/1"}],"replies":[{"embeddable":true,"href":"https:\/\/carbopel.com.br\/distribuidora-de-papeis\/wp-json\/wp\/v2\/comments?post=688"}],"version-history":[{"count":5,"href":"https:\/\/carbopel.com.br\/distribuidora-de-papeis\/wp-json\/wp\/v2\/pages\/688\/revisions"}],"predecessor-version":[{"id":2471,"href":"https:\/\/carbopel.com.br\/distribuidora-de-papeis\/wp-json\/wp\/v2\/pages\/688\/revisions\/2471"}],"up":[{"embeddable":true,"href":"https:\/\/carbopel.com.br\/distribuidora-de-papeis\/wp-json\/wp\/v2\/pages\/682"}],"wp:attachment":[{"href":"https:\/\/carbopel.com.br\/distribuidora-de-papeis\/wp-json\/wp\/v2\/media?parent=688"}],"curies":[{"name":"wp","href":"https:\/\/api.w.org\/{rel}","templated":true}]}}