{"id":3,"date":"2020-06-01T11:45:10","date_gmt":"2020-06-01T14:45:10","guid":{"rendered":"https:\/\/carbopel.com.br\/distribuidora-de-papeis\/?page_id=3"},"modified":"2021-06-17T09:03:26","modified_gmt":"2021-06-17T12:03:26","slug":"politica-de-privacidade","status":"publish","type":"page","link":"https:\/\/carbopel.com.br\/distribuidora-de-papeis\/politica-de-privacidade\/","title":{"rendered":"Pol\u00edtica de privacidade"},"content":{"rendered":"<h2><span style=\"font-weight: 400;\">POL\u00cdTICA DE PRIVACIDADE\u00a0<\/span><\/h2>\n<p><span style=\"font-weight: 400;\">Nosso compromisso \u00e9 respeitar sua privacidade e garantir o sigilo de todas as informa\u00e7\u00f5es que voc\u00ea nos fornece.<\/span><span style=\"font-weight: 400;\"><br \/>\n<\/span><span style=\"font-weight: 400;\">Todos os dados cadastrados em nosso site s\u00e3o utilizados apenas para melhorar sua experi\u00eancia de compra e mant\u00ea-lo atualizado sobre nossas promo\u00e7\u00f5es.<\/span><\/p>\n<p><b>Uso das informa\u00e7\u00f5es<\/b><span style=\"font-weight: 400;\"><br \/>\n<\/span><span style=\"font-weight: 400;\">Para seu cadastro, solicitamos informa\u00e7\u00f5es como: nome, endere\u00e7o, e-mail e telefones para contato, para facilitar suas compras no site.<\/span><span style=\"font-weight: 400;\"><br \/>\n<\/span><span style=\"font-weight: 400;\">O seu e-mail \u00e9 utilizado para divulgar informa\u00e7\u00f5es de suas compras e, quando solicitado por voc\u00ea, para comunicar promo\u00e7\u00f5es de produtos e servi\u00e7os da empresa CARBOPEL PAP\u00c9IS.<\/span><\/p>\n<p><b>Cookies<\/b><span style=\"font-weight: 400;\"><br \/>\n<\/span><span style=\"font-weight: 400;\">Na\u00a0<\/span><b>CARBOPEL PAP\u00c9IS<\/b><span style=\"font-weight: 400;\">, o uso de cookies \u00e9 feito apenas para reconhecer um visitante constante e melhorar a experi\u00eancia de compra.<\/span><span style=\"font-weight: 400;\"><br \/>\n<\/span><span style=\"font-weight: 400;\">Os cookies s\u00e3o pequenos arquivos de dados transferidos de um site da web para o disco do seu computador e n\u00e3o armazenam dados pessoais.<\/span><span style=\"font-weight: 400;\"><br \/>\n<\/span><span style=\"font-weight: 400;\">Se preferir, voc\u00ea pode apagar os cookies existentes em seu computador atrav\u00e9s do browser.<\/span><\/p>\n<p><b>Envio de e-mails<\/b><span style=\"font-weight: 400;\"><br \/>\n<\/span><b>A CARBOPEL PAP\u00c9IS<\/b><span style=\"font-weight: 400;\">\u00a0nunca envia e-mails solicitando confirma\u00e7\u00e3o de dados\/cadastro ou com anexos execut\u00e1veis (extens\u00e3o exe, com, scr, bat) e links para download.<\/span><span style=\"font-weight: 400;\"><br \/>\n<\/span><span style=\"font-weight: 400;\">Nossos e-mails com promo\u00e7\u00f5es t\u00eam como remetente: carbopel@crbopel.com.br.<\/span><span style=\"font-weight: 400;\"><br \/>\n<\/span><span style=\"font-weight: 400;\">Os e-mails de acompanhamento de seu pedido de compra: carbopel@carbopel.com.br. e atendimento de compra: carbopel@carbopel.com.br.<\/span><span style=\"font-weight: 400;\"><br \/>\n<\/span><span style=\"font-weight: 400;\">Os links de nossos e-mails levam diretamente para o site www.<\/span><b>carbopel.com.br<\/b><span style=\"font-weight: 400;\">.<\/span><span style=\"font-weight: 400;\"><br \/>\n<\/span><span style=\"font-weight: 400;\">Nunca forne\u00e7a a senha de seu cadastro a terceiros e, no caso de uso n\u00e3o autorizado, acesse imediatamente a \u00e1rea de cliente na CARBOPEL PAP\u00c9IS e altere sua senha.<\/span><span style=\"font-weight: 400;\"><br \/>\n<\/span><span style=\"font-weight: 400;\">Caso deseje parar de receber nossos e-mails, basta clicar no link de descadastramento que se localiza no rodap\u00e9 de todos os e-mails enviados.<\/span><\/p>\n<p><b>Compra segura na CARBOPEL PAP\u00c9IS <\/b><span style=\"font-weight: 400;\"><br \/>\n<\/span><span style=\"font-weight: 400;\">Nosso site utiliza uma tecnologia avan\u00e7ada de seguran\u00e7a.<\/span><span style=\"font-weight: 400;\"><br \/>\n<\/span><span style=\"font-weight: 400;\">Todo o tr\u00e1fego de dados \u00e9 feito com as informa\u00e7\u00f5es criptografadas, utilizando-se do certificado SSL (Secure Socket Layer), que \u00e9 um m\u00e9todo padr\u00e3o usado na Internet para proteger as comunica\u00e7\u00f5es entre os usu\u00e1rios da Web e os sites, fornecendo uma compra 100% segura.<\/span><span style=\"font-weight: 400;\"><br \/>\n<\/span><span style=\"font-weight: 400;\">As informa\u00e7\u00f5es de cart\u00f5es de cr\u00e9dito\u00a0n\u00e3o s\u00e3o armazenadas\u00a0em nossos sistemas e todo o processo de aprova\u00e7\u00e3o \u00e9 feito diretamente com as Administradoras de Cart\u00f5es e Bancos.<\/span><span style=\"font-weight: 400;\"><br \/>\n<\/span><span style=\"font-weight: 400;\">Para sua tranquilidade, o \u00edcone do cadeado fechado, no canto superior da tela, indica absoluta seguran\u00e7a durante a transmiss\u00e3o de dados em sua compra.<\/span><span style=\"font-weight: 400;\"><br \/>\n<\/span><span style=\"font-weight: 400;\">Para sua seguran\u00e7a, se houver qualquer diverg\u00eancia de informa\u00e7\u00f5es cadastrais e de pagamento,\u00a0<\/span><b>CARBOPEL PAP\u00c9IS <\/b><span style=\"font-weight: 400;\">\u00a0entrar\u00e1 em contato para confirmar os dados antes de aprovar o pedido.<\/span><\/p>\n","protected":false},"excerpt":{"rendered":"<p>POL\u00cdTICA DE PRIVACIDADE\u00a0 Nosso compromisso \u00e9 respeitar sua privacidade e garantir o sigilo de todas as informa\u00e7\u00f5es que voc\u00ea nos fornece. Todos os dados cadastrados em nosso site s\u00e3o utilizados apenas para melhorar sua experi\u00eancia de compra e mant\u00ea-lo atualizado sobre nossas promo\u00e7\u00f5es. Uso das informa\u00e7\u00f5es Para seu cadastro, solicitamos informa\u00e7\u00f5es como: nome, endere\u00e7o, e-mail [&#8230;]\n","protected":false},"author":1,"featured_media":0,"parent":0,"menu_order":0,"comment_status":"closed","ping_status":"open","template":"","meta":{"footnotes":""},"class_list":["post-3","page","type-page","status-publish","hentry"],"yoast_head":"<!-- This site is optimized with the Yoast SEO plugin v24.5 - https:\/\/yoast.com\/wordpress\/plugins\/seo\/ -->\n<title>Pol\u00edtica de privacidade &#8226; Carbopel<\/title>\n<meta name=\"robots\" content=\"index, follow, max-snippet:-1, max-image-preview:large, max-video-preview:-1\" \/>\n<link rel=\"canonical\" href=\"https:\/\/carbopel.com.br\/distribuidora-de-papeis\/politica-de-privacidade\/\" \/>\n<meta property=\"og:locale\" content=\"pt_BR\" \/>\n<meta property=\"og:type\" content=\"article\" \/>\n<meta property=\"og:title\" content=\"Pol\u00edtica de privacidade &#8226; Carbopel\" \/>\n<meta property=\"og:description\" content=\"POL\u00cdTICA DE PRIVACIDADE\u00a0 Nosso compromisso \u00e9 respeitar sua privacidade e garantir o sigilo de todas as informa\u00e7\u00f5es que voc\u00ea nos fornece. Todos os dados cadastrados em nosso site s\u00e3o utilizados apenas para melhorar sua experi\u00eancia de compra e mant\u00ea-lo atualizado sobre nossas promo\u00e7\u00f5es. Uso das informa\u00e7\u00f5es Para seu cadastro, solicitamos informa\u00e7\u00f5es como: nome, endere\u00e7o, e-mail [...]\" \/>\n<meta property=\"og:url\" content=\"https:\/\/carbopel.com.br\/distribuidora-de-papeis\/politica-de-privacidade\/\" \/>\n<meta property=\"og:site_name\" content=\"Carbopel\" \/>\n<meta property=\"article:publisher\" content=\"https:\/\/www.facebook.com\/Carbopel-Papis-109545114125743\/\" \/>\n<meta property=\"article:modified_time\" content=\"2021-06-17T12:03:26+00:00\" \/>\n<meta property=\"og:image\" content=\"https:\/\/carbopel.com.br\/distribuidora-de-papeis\/wp-content\/uploads\/2022\/06\/Carbopel-artes-9.png\" \/>\n\t<meta property=\"og:image:width\" content=\"1200\" \/>\n\t<meta property=\"og:image:height\" content=\"1200\" \/>\n\t<meta property=\"og:image:type\" content=\"image\/png\" \/>\n<meta name=\"twitter:card\" content=\"summary_large_image\" \/>\n<meta name=\"twitter:label1\" content=\"Est. tempo de leitura\" \/>\n\t<meta name=\"twitter:data1\" content=\"2 minutos\" \/>\n<script type=\"application\/ld+json\" class=\"yoast-schema-graph\">{\"@context\":\"https:\/\/schema.org\",\"@graph\":[{\"@type\":\"WebPage\",\"@id\":\"https:\/\/carbopel.com.br\/distribuidora-de-papeis\/politica-de-privacidade\/\",\"url\":\"https:\/\/carbopel.com.br\/distribuidora-de-papeis\/politica-de-privacidade\/\",\"name\":\"Pol\u00edtica de privacidade &#8226; Carbopel\",\"isPartOf\":{\"@id\":\"https:\/\/carbopel.com.br\/distribuidora-de-papeis\/#website\"},\"datePublished\":\"2020-06-01T14:45:10+00:00\",\"dateModified\":\"2021-06-17T12:03:26+00:00\",\"breadcrumb\":{\"@id\":\"https:\/\/carbopel.com.br\/distribuidora-de-papeis\/politica-de-privacidade\/#breadcrumb\"},\"inLanguage\":\"pt-BR\",\"potentialAction\":[{\"@type\":\"ReadAction\",\"target\":[\"https:\/\/carbopel.com.br\/distribuidora-de-papeis\/politica-de-privacidade\/\"]}]},{\"@type\":\"BreadcrumbList\",\"@id\":\"https:\/\/carbopel.com.br\/distribuidora-de-papeis\/politica-de-privacidade\/#breadcrumb\",\"itemListElement\":[{\"@type\":\"ListItem\",\"position\":1,\"name\":\"In\u00edcio\",\"item\":\"https:\/\/carbopel.com.br\/distribuidora-de-papeis\/\"},{\"@type\":\"ListItem\",\"position\":2,\"name\":\"Pol\u00edtica de privacidade\"}]},{\"@type\":\"WebSite\",\"@id\":\"https:\/\/carbopel.com.br\/distribuidora-de-papeis\/#website\",\"url\":\"https:\/\/carbopel.com.br\/distribuidora-de-papeis\/\",\"name\":\"Carbopel\",\"description\":\"Distribuidora e Fornecedora de Papel\",\"publisher\":{\"@id\":\"https:\/\/carbopel.com.br\/distribuidora-de-papeis\/#organization\"},\"potentialAction\":[{\"@type\":\"SearchAction\",\"target\":{\"@type\":\"EntryPoint\",\"urlTemplate\":\"https:\/\/carbopel.com.br\/distribuidora-de-papeis\/?s={search_term_string}\"},\"query-input\":{\"@type\":\"PropertyValueSpecification\",\"valueRequired\":true,\"valueName\":\"search_term_string\"}}],\"inLanguage\":\"pt-BR\"},{\"@type\":\"Organization\",\"@id\":\"https:\/\/carbopel.com.br\/distribuidora-de-papeis\/#organization\",\"name\":\"Carbopel - Distribuidora e Fornecedora de Papel\",\"url\":\"https:\/\/carbopel.com.br\/distribuidora-de-papeis\/\",\"logo\":{\"@type\":\"ImageObject\",\"inLanguage\":\"pt-BR\",\"@id\":\"https:\/\/carbopel.com.br\/distribuidora-de-papeis\/#\/schema\/logo\/image\/\",\"url\":\"https:\/\/carbopel.com.br\/distribuidora-de-papeis\/wp-content\/uploads\/2022\/06\/Carbopel-artes-9.png\",\"contentUrl\":\"https:\/\/carbopel.com.br\/distribuidora-de-papeis\/wp-content\/uploads\/2022\/06\/Carbopel-artes-9.png\",\"width\":1200,\"height\":1200,\"caption\":\"Carbopel - Distribuidora e Fornecedora de Papel\"},\"image\":{\"@id\":\"https:\/\/carbopel.com.br\/distribuidora-de-papeis\/#\/schema\/logo\/image\/\"},\"sameAs\":[\"https:\/\/www.facebook.com\/Carbopel-Papis-109545114125743\/\",\"https:\/\/www.instagram.com\/carbopel\/\"]}]}<\/script>\n<!-- \/ Yoast SEO plugin. -->","yoast_head_json":{"title":"Pol\u00edtica de privacidade &#8226; Carbopel","robots":{"index":"index","follow":"follow","max-snippet":"max-snippet:-1","max-image-preview":"max-image-preview:large","max-video-preview":"max-video-preview:-1"},"canonical":"https:\/\/carbopel.com.br\/distribuidora-de-papeis\/politica-de-privacidade\/","og_locale":"pt_BR","og_type":"article","og_title":"Pol\u00edtica de privacidade &#8226; Carbopel","og_description":"POL\u00cdTICA DE PRIVACIDADE\u00a0 Nosso compromisso \u00e9 respeitar sua privacidade e garantir o sigilo de todas as informa\u00e7\u00f5es que voc\u00ea nos fornece. Todos os dados cadastrados em nosso site s\u00e3o utilizados apenas para melhorar sua experi\u00eancia de compra e mant\u00ea-lo atualizado sobre nossas promo\u00e7\u00f5es. Uso das informa\u00e7\u00f5es Para seu cadastro, solicitamos informa\u00e7\u00f5es como: nome, endere\u00e7o, e-mail [...]","og_url":"https:\/\/carbopel.com.br\/distribuidora-de-papeis\/politica-de-privacidade\/","og_site_name":"Carbopel","article_publisher":"https:\/\/www.facebook.com\/Carbopel-Papis-109545114125743\/","article_modified_time":"2021-06-17T12:03:26+00:00","og_image":[{"width":1200,"height":1200,"url":"https:\/\/carbopel.com.br\/distribuidora-de-papeis\/wp-content\/uploads\/2022\/06\/Carbopel-artes-9.png","type":"image\/png"}],"twitter_card":"summary_large_image","twitter_misc":{"Est. tempo de leitura":"2 minutos"},"schema":{"@context":"https:\/\/schema.org","@graph":[{"@type":"WebPage","@id":"https:\/\/carbopel.com.br\/distribuidora-de-papeis\/politica-de-privacidade\/","url":"https:\/\/carbopel.com.br\/distribuidora-de-papeis\/politica-de-privacidade\/","name":"Pol\u00edtica de privacidade &#8226; Carbopel","isPartOf":{"@id":"https:\/\/carbopel.com.br\/distribuidora-de-papeis\/#website"},"datePublished":"2020-06-01T14:45:10+00:00","dateModified":"2021-06-17T12:03:26+00:00","breadcrumb":{"@id":"https:\/\/carbopel.com.br\/distribuidora-de-papeis\/politica-de-privacidade\/#breadcrumb"},"inLanguage":"pt-BR","potentialAction":[{"@type":"ReadAction","target":["https:\/\/carbopel.com.br\/distribuidora-de-papeis\/politica-de-privacidade\/"]}]},{"@type":"BreadcrumbList","@id":"https:\/\/carbopel.com.br\/distribuidora-de-papeis\/politica-de-privacidade\/#breadcrumb","itemListElement":[{"@type":"ListItem","position":1,"name":"In\u00edcio","item":"https:\/\/carbopel.com.br\/distribuidora-de-papeis\/"},{"@type":"ListItem","position":2,"name":"Pol\u00edtica de privacidade"}]},{"@type":"WebSite","@id":"https:\/\/carbopel.com.br\/distribuidora-de-papeis\/#website","url":"https:\/\/carbopel.com.br\/distribuidora-de-papeis\/","name":"Carbopel","description":"Distribuidora e Fornecedora de Papel","publisher":{"@id":"https:\/\/carbopel.com.br\/distribuidora-de-papeis\/#organization"},"potentialAction":[{"@type":"SearchAction","target":{"@type":"EntryPoint","urlTemplate":"https:\/\/carbopel.com.br\/distribuidora-de-papeis\/?s={search_term_string}"},"query-input":{"@type":"PropertyValueSpecification","valueRequired":true,"valueName":"search_term_string"}}],"inLanguage":"pt-BR"},{"@type":"Organization","@id":"https:\/\/carbopel.com.br\/distribuidora-de-papeis\/#organization","name":"Carbopel - Distribuidora e Fornecedora de Papel","url":"https:\/\/carbopel.com.br\/distribuidora-de-papeis\/","logo":{"@type":"ImageObject","inLanguage":"pt-BR","@id":"https:\/\/carbopel.com.br\/distribuidora-de-papeis\/#\/schema\/logo\/image\/","url":"https:\/\/carbopel.com.br\/distribuidora-de-papeis\/wp-content\/uploads\/2022\/06\/Carbopel-artes-9.png","contentUrl":"https:\/\/carbopel.com.br\/distribuidora-de-papeis\/wp-content\/uploads\/2022\/06\/Carbopel-artes-9.png","width":1200,"height":1200,"caption":"Carbopel - Distribuidora e Fornecedora de Papel"},"image":{"@id":"https:\/\/carbopel.com.br\/distribuidora-de-papeis\/#\/schema\/logo\/image\/"},"sameAs":["https:\/\/www.facebook.com\/Carbopel-Papis-109545114125743\/","https:\/\/www.instagram.com\/carbopel\/"]}]}},"_links":{"self":[{"href":"https:\/\/carbopel.com.br\/distribuidora-de-papeis\/wp-json\/wp\/v2\/pages\/3","targetHints":{"allow":["GET"]}}],"collection":[{"href":"https:\/\/carbopel.com.br\/distribuidora-de-papeis\/wp-json\/wp\/v2\/pages"}],"about":[{"href":"https:\/\/carbopel.com.br\/distribuidora-de-papeis\/wp-json\/wp\/v2\/types\/page"}],"author":[{"embeddable":true,"href":"https:\/\/carbopel.com.br\/distribuidora-de-papeis\/wp-json\/wp\/v2\/users\/1"}],"replies":[{"embeddable":true,"href":"https:\/\/carbopel.com.br\/distribuidora-de-papeis\/wp-json\/wp\/v2\/comments?post=3"}],"version-history":[{"count":2,"href":"https:\/\/carbopel.com.br\/distribuidora-de-papeis\/wp-json\/wp\/v2\/pages\/3\/revisions"}],"predecessor-version":[{"id":1262,"href":"https:\/\/carbopel.com.br\/distribuidora-de-papeis\/wp-json\/wp\/v2\/pages\/3\/revisions\/1262"}],"wp:attachment":[{"href":"https:\/\/carbopel.com.br\/distribuidora-de-papeis\/wp-json\/wp\/v2\/media?parent=3"}],"curies":[{"name":"wp","href":"https:\/\/api.w.org\/{rel}","templated":true}]}}