{"id":1263,"date":"2021-06-17T09:05:48","date_gmt":"2021-06-17T12:05:48","guid":{"rendered":"https:\/\/carbopel.com.br\/distribuidora-de-papeis\/?page_id=1263"},"modified":"2021-06-17T09:06:25","modified_gmt":"2021-06-17T12:06:25","slug":"informacoes-de-entrega","status":"publish","type":"page","link":"https:\/\/carbopel.com.br\/distribuidora-de-papeis\/informacoes-de-entrega\/","title":{"rendered":"Informa\u00e7\u00f5es de Entrega"},"content":{"rendered":"<h2><span style=\"font-weight: 400;\">INFORMA\u00c7\u00d5ES DE\u00a0 ENTREGA<\/span><\/h2>\n<p><span style=\"font-weight: 400;\">\u00a0<\/span><span style=\"font-weight: 400;\">A Carbopel Pap\u00e9is disponibiliza <\/span><b>Frete Gr\u00e1tis nas compras acima de R$200,00, <\/b><span style=\"font-weight: 400;\">para regi\u00e3o de S\u00e3o Paulo\u00a0 Capital e Grande S\u00e3o Paulo.<\/span><\/p>\n<p><span style=\"font-weight: 400;\">OBS.: Algumas regi\u00f5es podem ter a rota suspensa, caso seu CEP n\u00e3o habilite, entre em contato conosco.<\/span><\/p>\n<p><span style=\"font-weight: 400;\">Os pedidos ser\u00e3o despachados em at\u00e9\u00a0<\/span><b>48 horas ap\u00f3s a identifica\u00e7\u00e3o do pagamento.<\/b><span style=\"font-weight: 400;\"><br \/>\n<\/span><span style=\"font-weight: 400;\">Nossa log\u00edstica entrega os pedidos dentro do prazo estabelecido, no entanto se houver atraso \u00e9 devido a eventuais condi\u00e7\u00f5es clim\u00e1ticas, tr\u00e1fego de aeroportos, greve dos correios, condi\u00e7\u00f5es das rodovias e outros motivos de for\u00e7a maior.<\/span><span style=\"font-weight: 400;\"><br \/>\n<\/span><span style=\"font-weight: 400;\">Caso o produto escolhido tenha a necessidade de fabrica\u00e7\u00e3o, o prazo de entrega pode ser alterado.<\/span><\/p>\n<p><span style=\"font-weight: 400;\">Qualquer d\u00favida entre em contato conosco no email:\u00a0<\/span><b>carbopel@carbopel.com.br<\/b><\/p>\n","protected":false},"excerpt":{"rendered":"<p>INFORMA\u00c7\u00d5ES DE\u00a0 ENTREGA \u00a0A Carbopel Pap\u00e9is disponibiliza Frete Gr\u00e1tis nas compras acima de R$200,00, para regi\u00e3o de S\u00e3o Paulo\u00a0 Capital e Grande S\u00e3o Paulo. OBS.: Algumas regi\u00f5es podem ter a rota suspensa, caso seu CEP n\u00e3o habilite, entre em contato conosco. Os pedidos ser\u00e3o despachados em at\u00e9\u00a048 horas ap\u00f3s a identifica\u00e7\u00e3o do pagamento. Nossa log\u00edstica [&#8230;]\n","protected":false},"author":1,"featured_media":0,"parent":0,"menu_order":0,"comment_status":"closed","ping_status":"closed","template":"","meta":{"footnotes":""},"class_list":["post-1263","page","type-page","status-publish","hentry"],"yoast_head":"<!-- This site is optimized with the Yoast SEO plugin v24.5 - https:\/\/yoast.com\/wordpress\/plugins\/seo\/ -->\n<title>Informa\u00e7\u00f5es de Entrega &#8226; Carbopel<\/title>\n<meta name=\"robots\" content=\"index, follow, max-snippet:-1, max-image-preview:large, max-video-preview:-1\" \/>\n<link rel=\"canonical\" href=\"https:\/\/carbopel.com.br\/distribuidora-de-papeis\/informacoes-de-entrega\/\" \/>\n<meta property=\"og:locale\" content=\"pt_BR\" \/>\n<meta property=\"og:type\" content=\"article\" \/>\n<meta property=\"og:title\" content=\"Informa\u00e7\u00f5es de Entrega &#8226; Carbopel\" \/>\n<meta property=\"og:description\" content=\"INFORMA\u00c7\u00d5ES DE\u00a0 ENTREGA \u00a0A Carbopel Pap\u00e9is disponibiliza Frete Gr\u00e1tis nas compras acima de R$200,00, para regi\u00e3o de S\u00e3o Paulo\u00a0 Capital e Grande S\u00e3o Paulo. OBS.: Algumas regi\u00f5es podem ter a rota suspensa, caso seu CEP n\u00e3o habilite, entre em contato conosco. Os pedidos ser\u00e3o despachados em at\u00e9\u00a048 horas ap\u00f3s a identifica\u00e7\u00e3o do pagamento. Nossa log\u00edstica [...]\" \/>\n<meta property=\"og:url\" content=\"https:\/\/carbopel.com.br\/distribuidora-de-papeis\/informacoes-de-entrega\/\" \/>\n<meta property=\"og:site_name\" content=\"Carbopel\" \/>\n<meta property=\"article:publisher\" content=\"https:\/\/www.facebook.com\/Carbopel-Papis-109545114125743\/\" \/>\n<meta property=\"article:modified_time\" content=\"2021-06-17T12:06:25+00:00\" \/>\n<meta property=\"og:image\" content=\"https:\/\/carbopel.com.br\/distribuidora-de-papeis\/wp-content\/uploads\/2022\/06\/Carbopel-artes-9.png\" \/>\n\t<meta property=\"og:image:width\" content=\"1200\" \/>\n\t<meta property=\"og:image:height\" content=\"1200\" \/>\n\t<meta property=\"og:image:type\" content=\"image\/png\" \/>\n<meta name=\"twitter:card\" content=\"summary_large_image\" \/>\n<meta name=\"twitter:label1\" content=\"Est. tempo de leitura\" \/>\n\t<meta name=\"twitter:data1\" content=\"1 minuto\" \/>\n<script type=\"application\/ld+json\" class=\"yoast-schema-graph\">{\"@context\":\"https:\/\/schema.org\",\"@graph\":[{\"@type\":\"WebPage\",\"@id\":\"https:\/\/carbopel.com.br\/distribuidora-de-papeis\/informacoes-de-entrega\/\",\"url\":\"https:\/\/carbopel.com.br\/distribuidora-de-papeis\/informacoes-de-entrega\/\",\"name\":\"Informa\u00e7\u00f5es de Entrega &#8226; Carbopel\",\"isPartOf\":{\"@id\":\"https:\/\/carbopel.com.br\/distribuidora-de-papeis\/#website\"},\"datePublished\":\"2021-06-17T12:05:48+00:00\",\"dateModified\":\"2021-06-17T12:06:25+00:00\",\"breadcrumb\":{\"@id\":\"https:\/\/carbopel.com.br\/distribuidora-de-papeis\/informacoes-de-entrega\/#breadcrumb\"},\"inLanguage\":\"pt-BR\",\"potentialAction\":[{\"@type\":\"ReadAction\",\"target\":[\"https:\/\/carbopel.com.br\/distribuidora-de-papeis\/informacoes-de-entrega\/\"]}]},{\"@type\":\"BreadcrumbList\",\"@id\":\"https:\/\/carbopel.com.br\/distribuidora-de-papeis\/informacoes-de-entrega\/#breadcrumb\",\"itemListElement\":[{\"@type\":\"ListItem\",\"position\":1,\"name\":\"In\u00edcio\",\"item\":\"https:\/\/carbopel.com.br\/distribuidora-de-papeis\/\"},{\"@type\":\"ListItem\",\"position\":2,\"name\":\"Informa\u00e7\u00f5es de Entrega\"}]},{\"@type\":\"WebSite\",\"@id\":\"https:\/\/carbopel.com.br\/distribuidora-de-papeis\/#website\",\"url\":\"https:\/\/carbopel.com.br\/distribuidora-de-papeis\/\",\"name\":\"Carbopel\",\"description\":\"Distribuidora e Fornecedora de Papel\",\"publisher\":{\"@id\":\"https:\/\/carbopel.com.br\/distribuidora-de-papeis\/#organization\"},\"potentialAction\":[{\"@type\":\"SearchAction\",\"target\":{\"@type\":\"EntryPoint\",\"urlTemplate\":\"https:\/\/carbopel.com.br\/distribuidora-de-papeis\/?s={search_term_string}\"},\"query-input\":{\"@type\":\"PropertyValueSpecification\",\"valueRequired\":true,\"valueName\":\"search_term_string\"}}],\"inLanguage\":\"pt-BR\"},{\"@type\":\"Organization\",\"@id\":\"https:\/\/carbopel.com.br\/distribuidora-de-papeis\/#organization\",\"name\":\"Carbopel - Distribuidora e Fornecedora de Papel\",\"url\":\"https:\/\/carbopel.com.br\/distribuidora-de-papeis\/\",\"logo\":{\"@type\":\"ImageObject\",\"inLanguage\":\"pt-BR\",\"@id\":\"https:\/\/carbopel.com.br\/distribuidora-de-papeis\/#\/schema\/logo\/image\/\",\"url\":\"https:\/\/carbopel.com.br\/distribuidora-de-papeis\/wp-content\/uploads\/2022\/06\/Carbopel-artes-9.png\",\"contentUrl\":\"https:\/\/carbopel.com.br\/distribuidora-de-papeis\/wp-content\/uploads\/2022\/06\/Carbopel-artes-9.png\",\"width\":1200,\"height\":1200,\"caption\":\"Carbopel - Distribuidora e Fornecedora de Papel\"},\"image\":{\"@id\":\"https:\/\/carbopel.com.br\/distribuidora-de-papeis\/#\/schema\/logo\/image\/\"},\"sameAs\":[\"https:\/\/www.facebook.com\/Carbopel-Papis-109545114125743\/\",\"https:\/\/www.instagram.com\/carbopel\/\"]}]}<\/script>\n<!-- \/ Yoast SEO plugin. -->","yoast_head_json":{"title":"Informa\u00e7\u00f5es de Entrega &#8226; Carbopel","robots":{"index":"index","follow":"follow","max-snippet":"max-snippet:-1","max-image-preview":"max-image-preview:large","max-video-preview":"max-video-preview:-1"},"canonical":"https:\/\/carbopel.com.br\/distribuidora-de-papeis\/informacoes-de-entrega\/","og_locale":"pt_BR","og_type":"article","og_title":"Informa\u00e7\u00f5es de Entrega &#8226; Carbopel","og_description":"INFORMA\u00c7\u00d5ES DE\u00a0 ENTREGA \u00a0A Carbopel Pap\u00e9is disponibiliza Frete Gr\u00e1tis nas compras acima de R$200,00, para regi\u00e3o de S\u00e3o Paulo\u00a0 Capital e Grande S\u00e3o Paulo. OBS.: Algumas regi\u00f5es podem ter a rota suspensa, caso seu CEP n\u00e3o habilite, entre em contato conosco. Os pedidos ser\u00e3o despachados em at\u00e9\u00a048 horas ap\u00f3s a identifica\u00e7\u00e3o do pagamento. Nossa log\u00edstica [...]","og_url":"https:\/\/carbopel.com.br\/distribuidora-de-papeis\/informacoes-de-entrega\/","og_site_name":"Carbopel","article_publisher":"https:\/\/www.facebook.com\/Carbopel-Papis-109545114125743\/","article_modified_time":"2021-06-17T12:06:25+00:00","og_image":[{"width":1200,"height":1200,"url":"https:\/\/carbopel.com.br\/distribuidora-de-papeis\/wp-content\/uploads\/2022\/06\/Carbopel-artes-9.png","type":"image\/png"}],"twitter_card":"summary_large_image","twitter_misc":{"Est. tempo de leitura":"1 minuto"},"schema":{"@context":"https:\/\/schema.org","@graph":[{"@type":"WebPage","@id":"https:\/\/carbopel.com.br\/distribuidora-de-papeis\/informacoes-de-entrega\/","url":"https:\/\/carbopel.com.br\/distribuidora-de-papeis\/informacoes-de-entrega\/","name":"Informa\u00e7\u00f5es de Entrega &#8226; Carbopel","isPartOf":{"@id":"https:\/\/carbopel.com.br\/distribuidora-de-papeis\/#website"},"datePublished":"2021-06-17T12:05:48+00:00","dateModified":"2021-06-17T12:06:25+00:00","breadcrumb":{"@id":"https:\/\/carbopel.com.br\/distribuidora-de-papeis\/informacoes-de-entrega\/#breadcrumb"},"inLanguage":"pt-BR","potentialAction":[{"@type":"ReadAction","target":["https:\/\/carbopel.com.br\/distribuidora-de-papeis\/informacoes-de-entrega\/"]}]},{"@type":"BreadcrumbList","@id":"https:\/\/carbopel.com.br\/distribuidora-de-papeis\/informacoes-de-entrega\/#breadcrumb","itemListElement":[{"@type":"ListItem","position":1,"name":"In\u00edcio","item":"https:\/\/carbopel.com.br\/distribuidora-de-papeis\/"},{"@type":"ListItem","position":2,"name":"Informa\u00e7\u00f5es de Entrega"}]},{"@type":"WebSite","@id":"https:\/\/carbopel.com.br\/distribuidora-de-papeis\/#website","url":"https:\/\/carbopel.com.br\/distribuidora-de-papeis\/","name":"Carbopel","description":"Distribuidora e Fornecedora de Papel","publisher":{"@id":"https:\/\/carbopel.com.br\/distribuidora-de-papeis\/#organization"},"potentialAction":[{"@type":"SearchAction","target":{"@type":"EntryPoint","urlTemplate":"https:\/\/carbopel.com.br\/distribuidora-de-papeis\/?s={search_term_string}"},"query-input":{"@type":"PropertyValueSpecification","valueRequired":true,"valueName":"search_term_string"}}],"inLanguage":"pt-BR"},{"@type":"Organization","@id":"https:\/\/carbopel.com.br\/distribuidora-de-papeis\/#organization","name":"Carbopel - Distribuidora e Fornecedora de Papel","url":"https:\/\/carbopel.com.br\/distribuidora-de-papeis\/","logo":{"@type":"ImageObject","inLanguage":"pt-BR","@id":"https:\/\/carbopel.com.br\/distribuidora-de-papeis\/#\/schema\/logo\/image\/","url":"https:\/\/carbopel.com.br\/distribuidora-de-papeis\/wp-content\/uploads\/2022\/06\/Carbopel-artes-9.png","contentUrl":"https:\/\/carbopel.com.br\/distribuidora-de-papeis\/wp-content\/uploads\/2022\/06\/Carbopel-artes-9.png","width":1200,"height":1200,"caption":"Carbopel - Distribuidora e Fornecedora de Papel"},"image":{"@id":"https:\/\/carbopel.com.br\/distribuidora-de-papeis\/#\/schema\/logo\/image\/"},"sameAs":["https:\/\/www.facebook.com\/Carbopel-Papis-109545114125743\/","https:\/\/www.instagram.com\/carbopel\/"]}]}},"_links":{"self":[{"href":"https:\/\/carbopel.com.br\/distribuidora-de-papeis\/wp-json\/wp\/v2\/pages\/1263","targetHints":{"allow":["GET"]}}],"collection":[{"href":"https:\/\/carbopel.com.br\/distribuidora-de-papeis\/wp-json\/wp\/v2\/pages"}],"about":[{"href":"https:\/\/carbopel.com.br\/distribuidora-de-papeis\/wp-json\/wp\/v2\/types\/page"}],"author":[{"embeddable":true,"href":"https:\/\/carbopel.com.br\/distribuidora-de-papeis\/wp-json\/wp\/v2\/users\/1"}],"replies":[{"embeddable":true,"href":"https:\/\/carbopel.com.br\/distribuidora-de-papeis\/wp-json\/wp\/v2\/comments?post=1263"}],"version-history":[{"count":2,"href":"https:\/\/carbopel.com.br\/distribuidora-de-papeis\/wp-json\/wp\/v2\/pages\/1263\/revisions"}],"predecessor-version":[{"id":1265,"href":"https:\/\/carbopel.com.br\/distribuidora-de-papeis\/wp-json\/wp\/v2\/pages\/1263\/revisions\/1265"}],"wp:attachment":[{"href":"https:\/\/carbopel.com.br\/distribuidora-de-papeis\/wp-json\/wp\/v2\/media?parent=1263"}],"curies":[{"name":"wp","href":"https:\/\/api.w.org\/{rel}","templated":true}]}}